{"id":3745,"date":"2026-02-28T08:06:02","date_gmt":"2026-02-28T06:06:02","guid":{"rendered":"https:\/\/www.cassava.ai\/?page_id=3745"},"modified":"2026-03-02T15:57:12","modified_gmt":"2026-03-02T13:57:12","slug":"cassava-cloud-partner","status":"publish","type":"page","link":"https:\/\/www.cassava.ai\/fr\/cassava-cloud-partner\/","title":{"rendered":"Partenaire Cassava Cloud"},"content":{"rendered":"<div data-elementor-type=\"wp-page\" data-elementor-id=\"3745\" class=\"elementor elementor-3745\" data-elementor-settings=\"{&quot;element_pack_global_tooltip_width&quot;:{&quot;unit&quot;:&quot;px&quot;,&quot;size&quot;:&quot;&quot;,&quot;sizes&quot;:[]},&quot;element_pack_global_tooltip_width_tablet&quot;:{&quot;unit&quot;:&quot;px&quot;,&quot;size&quot;:&quot;&quot;,&quot;sizes&quot;:[]},&quot;element_pack_global_tooltip_width_mobile&quot;:{&quot;unit&quot;:&quot;px&quot;,&quot;size&quot;:&quot;&quot;,&quot;sizes&quot;:[]},&quot;element_pack_global_tooltip_padding&quot;:{&quot;unit&quot;:&quot;px&quot;,&quot;top&quot;:&quot;&quot;,&quot;right&quot;:&quot;&quot;,&quot;bottom&quot;:&quot;&quot;,&quot;left&quot;:&quot;&quot;,&quot;isLinked&quot;:true},&quot;element_pack_global_tooltip_padding_tablet&quot;:{&quot;unit&quot;:&quot;px&quot;,&quot;top&quot;:&quot;&quot;,&quot;right&quot;:&quot;&quot;,&quot;bottom&quot;:&quot;&quot;,&quot;left&quot;:&quot;&quot;,&quot;isLinked&quot;:true},&quot;element_pack_global_tooltip_padding_mobile&quot;:{&quot;unit&quot;:&quot;px&quot;,&quot;top&quot;:&quot;&quot;,&quot;right&quot;:&quot;&quot;,&quot;bottom&quot;:&quot;&quot;,&quot;left&quot;:&quot;&quot;,&quot;isLinked&quot;:true},&quot;element_pack_global_tooltip_border_radius&quot;:{&quot;unit&quot;:&quot;px&quot;,&quot;top&quot;:&quot;&quot;,&quot;right&quot;:&quot;&quot;,&quot;bottom&quot;:&quot;&quot;,&quot;left&quot;:&quot;&quot;,&quot;isLinked&quot;:true},&quot;element_pack_global_tooltip_border_radius_tablet&quot;:{&quot;unit&quot;:&quot;px&quot;,&quot;top&quot;:&quot;&quot;,&quot;right&quot;:&quot;&quot;,&quot;bottom&quot;:&quot;&quot;,&quot;left&quot;:&quot;&quot;,&quot;isLinked&quot;:true},&quot;element_pack_global_tooltip_border_radius_mobile&quot;:{&quot;unit&quot;:&quot;px&quot;,&quot;top&quot;:&quot;&quot;,&quot;right&quot;:&quot;&quot;,&quot;bottom&quot;:&quot;&quot;,&quot;left&quot;:&quot;&quot;,&quot;isLinked&quot;:true}}\" data-elementor-post-type=\"page\">\n\t\t\t\t<div class=\"elementor-element elementor-element-dfb7baa e-flex e-con-boxed e-con e-parent\" data-id=\"dfb7baa\" data-element_type=\"container\" data-e-type=\"container\" data-settings=\"{&quot;background_background&quot;:&quot;classic&quot;}\">\n\t\t\t\t\t<div class=\"e-con-inner\">\n\t\t<div class=\"elementor-element elementor-element-bc5133e e-con-full e-flex e-con e-child\" data-id=\"bc5133e\" data-element_type=\"container\" data-e-type=\"container\" data-settings=\"{&quot;background_background&quot;:&quot;classic&quot;}\">\n\t\t\t\t<div class=\"elementor-element elementor-element-5b6058f elementor-widget elementor-widget-heading\" data-id=\"5b6058f\" data-element_type=\"widget\" data-e-type=\"widget\" data-widget_type=\"heading.default\">\n\t\t\t\t<div class=\"elementor-widget-container\">\n\t\t\t\t\t<h1 class=\"elementor-heading-title elementor-size-default\"><span class=\"gradient-text\">Partenaire Cassava Cloud<\/span><\/h1>\t\t\t\t<\/div>\n\t\t\t\t<\/div>\n\t\t\t\t<div class=\"elementor-element elementor-element-2de4cb5 elementor-widget elementor-widget-heading\" data-id=\"2de4cb5\" data-element_type=\"widget\" data-e-type=\"widget\" data-widget_type=\"heading.default\">\n\t\t\t\t<div class=\"elementor-widget-container\">\n\t\t\t\t\t<h2 class=\"elementor-heading-title elementor-size-default\">Cas d'utilisation pour les op\u00e9rateurs t\u00e9l\u00e9coms<\/h2>\t\t\t\t<\/div>\n\t\t\t\t<\/div>\n\t\t\t\t<div class=\"elementor-element elementor-element-94d421a elementor-widget elementor-widget-text-editor\" data-id=\"94d421a\" data-element_type=\"widget\" data-e-type=\"widget\" data-widget_type=\"text-editor.default\">\n\t\t\t\t<div class=\"elementor-widget-container\">\n\t\t\t\t\t\t\t\t\t<p>Un programme exclusif qui permet \u00e0 des partenaires s\u00e9lectionn\u00e9s de consommer et de distribuer des technologies pour lesquelles Cassava d\u00e9tient des droits de distribution. Le programme regroupe l'ensemble des capacit\u00e9s d'IA de Cassava dans une suite de produits revendables et pr\u00eats \u00e0 \u00eatre distribu\u00e9s.<\/p>\t\t\t\t\t\t\t\t<\/div>\n\t\t\t\t<\/div>\n\t\t\t\t<\/div>\n\t\t<div class=\"elementor-element elementor-element-64d0d3f e-con-full e-flex e-con e-child\" data-id=\"64d0d3f\" data-element_type=\"container\" data-e-type=\"container\">\n\t\t\t\t<div class=\"elementor-element elementor-element-3ca90a7 elementor-widget elementor-widget-image\" data-id=\"3ca90a7\" data-element_type=\"widget\" data-e-type=\"widget\" data-widget_type=\"image.default\">\n\t\t\t\t<div class=\"elementor-widget-container\">\n\t\t\t\t\t\t\t\t\t\t\t\t\t\t\t<img fetchpriority=\"high\" decoding=\"async\" width=\"600\" height=\"600\" src=\"https:\/\/www.cassava.ai\/wp-content\/uploads\/2026\/02\/Cloud-Partner.jpg\" class=\"attachment-large size-large wp-image-3750\" alt=\"Cloud Partner\" srcset=\"https:\/\/www.cassava.ai\/wp-content\/uploads\/2026\/02\/Cloud-Partner.jpg 600w, https:\/\/www.cassava.ai\/wp-content\/uploads\/2026\/02\/Cloud-Partner-300x300.jpg 300w, https:\/\/www.cassava.ai\/wp-content\/uploads\/2026\/02\/Cloud-Partner-150x150.jpg 150w, https:\/\/www.cassava.ai\/wp-content\/uploads\/2026\/02\/Cloud-Partner-12x12.jpg 12w\" sizes=\"(max-width: 600px) 100vw, 600px\" \/>\t\t\t\t\t\t\t\t\t\t\t\t\t\t\t<\/div>\n\t\t\t\t<\/div>\n\t\t\t\t<\/div>\n\t\t\t\t\t<\/div>\n\t\t\t\t<\/div>\n\t\t<div class=\"elementor-element elementor-element-56d47a4 e-flex e-con-boxed e-con e-parent\" data-id=\"56d47a4\" data-element_type=\"container\" data-e-type=\"container\" data-settings=\"{&quot;background_background&quot;:&quot;classic&quot;}\">\n\t\t\t\t\t<div class=\"e-con-inner\">\n\t\t\t\t<div class=\"elementor-element elementor-element-a142198 elementor-widget__width-inherit elementor-widget elementor-widget-heading\" data-id=\"a142198\" data-element_type=\"widget\" data-e-type=\"widget\" data-widget_type=\"heading.default\">\n\t\t\t\t<div class=\"elementor-widget-container\">\n\t\t\t\t\t<h2 class=\"elementor-heading-title elementor-size-default\">Pour les ORM et les int\u00e9grateurs de syst\u00e8mes<span class=\"gradient-text\"><\/span> <\/h2>\t\t\t\t<\/div>\n\t\t\t\t<\/div>\n\t\t\t\t<div class=\"elementor-element elementor-element-dee4955 elementor-widget__width-initial elementor-widget elementor-widget-text-editor\" data-id=\"dee4955\" data-element_type=\"widget\" data-e-type=\"widget\" data-widget_type=\"text-editor.default\">\n\t\t\t\t<div class=\"elementor-widget-container\">\n\t\t\t\t\t\t\t\t\t<h4>Op\u00e9rateurs de r\u00e9seaux mobiles<\/h4><p>Le programme Cassava Cloud Partner (CCP) est con\u00e7u pour les op\u00e9rateurs de r\u00e9seaux mobiles (ORM) qui cherchent \u00e0 d\u00e9passer les mod\u00e8les de connectivit\u00e9 traditionnels et \u00e0 mon\u00e9tiser leur r\u00e9seau existant, leurs donn\u00e9es et leurs actifs clients gr\u00e2ce \u00e0 l'IA et aux services cloud.<\/p>\t\t\t\t\t\t\t\t<\/div>\n\t\t\t\t<\/div>\n\t\t\t\t<div class=\"elementor-element elementor-element-c06b52a elementor-widget__width-initial elementor-widget elementor-widget-text-editor\" data-id=\"c06b52a\" data-element_type=\"widget\" data-e-type=\"widget\" data-widget_type=\"text-editor.default\">\n\t\t\t\t<div class=\"elementor-widget-container\">\n\t\t\t\t\t\t\t\t\t<h4>Int\u00e9grateurs de syst\u00e8mes<\/h4><p>Le programme Cloud Partner permet aux SI de consommer, revendre ou int\u00e9grer les capacit\u00e9s IA, cloud et num\u00e9riques de Cassava dans leurs propres offres, ce qui leur permet de construire des solutions verticales sp\u00e9cifiques sur une plateforme souveraine de niveau entreprise. Gr\u00e2ce \u00e0 l'acc\u00e8s \u00e0 une infrastructure d'IA cl\u00e9 en main, \u00e0 des services d'IA natifs et \u00e0 l'acc\u00e8s \u00e0 un mod\u00e8le de grand langage unifi\u00e9, les int\u00e9grateurs de syst\u00e8mes peuvent se concentrer sur la conception, l'int\u00e9gration et les r\u00e9sultats de la solution, tandis que Cassava g\u00e8re l'infrastructure sous-jacente, l'orchestration et la conformit\u00e9.<\/p>\t\t\t\t\t\t\t\t<\/div>\n\t\t\t\t<\/div>\n\t\t\t\t\t<\/div>\n\t\t\t\t<\/div>\n\t\t<div class=\"elementor-element elementor-element-4cf463a e-flex e-con-boxed e-con e-parent\" data-id=\"4cf463a\" data-element_type=\"container\" data-e-type=\"container\">\n\t\t\t\t\t<div class=\"e-con-inner\">\n\t\t\t\t<div class=\"elementor-element elementor-element-59e0603 elementor-widget elementor-widget-heading\" data-id=\"59e0603\" data-element_type=\"widget\" data-e-type=\"widget\" data-widget_type=\"heading.default\">\n\t\t\t\t<div class=\"elementor-widget-container\">\n\t\t\t\t\t<h2 class=\"elementor-heading-title elementor-size-default\">Quatre \u00e9l\u00e9ments clairs <span class=\"gradient-text\">propositions de valeur<\/span> <\/h2>\t\t\t\t<\/div>\n\t\t\t\t<\/div>\n\t\t\t\t<div class=\"elementor-element elementor-element-6e6767d elementor-widget elementor-widget-text-editor\" data-id=\"6e6767d\" data-element_type=\"widget\" data-e-type=\"widget\" data-widget_type=\"text-editor.default\">\n\t\t\t\t<div class=\"elementor-widget-container\">\n\t\t\t\t\t\t\t\t\t<p>Cassava permet aux clients de d\u00e9ployer des capacit\u00e9s de calcul de mani\u00e8re \u00e9volutive et parfaitement orchestr\u00e9e d\u00e8s le premier jour, en respectant les politiques de conformit\u00e9 locales.<\/p><p>Gr\u00e2ce au programme CCP, Cassava \u00e9limine les barri\u00e8res \u00e0 l'entr\u00e9e, telles que les co\u00fbts initiaux \u00e9lev\u00e9s de l'infrastructure de calcul, par le biais d'une approche g\u00e9r\u00e9e flexible. Cela soutient la strat\u00e9gie plus large de Cassava visant \u00e0 construire un cloud souverain et un \u00e9cosyst\u00e8me d'IA, couvrant les d\u00e9ploiements nationaux et d'entreprise, afin de permettre aux gouvernements et aux entreprises \u00e0 travers l'Afrique et au-del\u00e0 d'acc\u00e9der \u00e0 une infrastructure d'IA avanc\u00e9e tout en conservant le contr\u00f4le de leurs donn\u00e9es et de leurs plates-formes num\u00e9riques.\u00a0<\/p>\t\t\t\t\t\t\t\t<\/div>\n\t\t\t\t<\/div>\n\t\t\t\t\t<\/div>\n\t\t\t\t<\/div>\n\t\t<div class=\"elementor-element elementor-element-ce4420d e-flex e-con-boxed e-con e-child\" data-id=\"ce4420d\" data-element_type=\"container\" data-e-type=\"container\">\n\t\t\t\t\t<div class=\"e-con-inner\">\n\t\t\t\t<div class=\"elementor-element elementor-element-48d824b elementor-widget__width-initial gradient-border2 elementor-invisible elementor-widget elementor-widget-icon-box\" data-id=\"48d824b\" data-element_type=\"widget\" data-e-type=\"widget\" data-settings=\"{&quot;_animation&quot;:&quot;fadeInUp&quot;}\" data-widget_type=\"icon-box.default\">\n\t\t\t\t<div class=\"elementor-widget-container\">\n\t\t\t\t\t\t\t<div class=\"elementor-icon-box-wrapper\">\n\n\t\t\t\n\t\t\t\t\t\t<div class=\"elementor-icon-box-content\">\n\n\t\t\t\t\t\t\t\t\t<h3 class=\"elementor-icon-box-title\">\n\t\t\t\t\t\t<span  >\n\t\t\t\t\t\t\tSolutions cloud NVIDIA\t\t\t\t\t\t<\/span>\n\t\t\t\t\t<\/h3>\n\t\t\t\t\n\t\t\t\t\t\t\t\t\t<p class=\"elementor-icon-box-description\">\n\t\t\t\t\t\tFournir aux partenaires l'acc\u00e8s aux services cloud acc\u00e9l\u00e9r\u00e9s par le GPU et certifi\u00e9s par NVIDIA, permettant de d\u00e9ployer des charges de travail d'IA hautes performances avec une fiabilit\u00e9 assur\u00e9e, une s\u00e9curit\u00e9 d'entreprise et un outillage de niveau mondial, fournis localement par le biais d'environnements souverains et conformes et de mod\u00e8les de support r\u00e9gionaux pour une croissance \u00e0 l'\u00e9chelle.\t\t\t\t\t<\/p>\n\t\t\t\t\n\t\t\t<\/div>\n\t\t\t\n\t\t<\/div>\n\t\t\t\t\t\t<\/div>\n\t\t\t\t<\/div>\n\t\t\t\t<div class=\"elementor-element elementor-element-9226902 elementor-widget__width-initial gradient-border3 elementor-invisible elementor-widget elementor-widget-icon-box\" data-id=\"9226902\" data-element_type=\"widget\" data-e-type=\"widget\" data-settings=\"{&quot;_animation&quot;:&quot;fadeInUp&quot;}\" data-widget_type=\"icon-box.default\">\n\t\t\t\t<div class=\"elementor-widget-container\">\n\t\t\t\t\t\t\t<div class=\"elementor-icon-box-wrapper\">\n\n\t\t\t\n\t\t\t\t\t\t<div class=\"elementor-icon-box-content\">\n\n\t\t\t\t\t\t\t\t\t<h3 class=\"elementor-icon-box-title\">\n\t\t\t\t\t\t<span  >\n\t\t\t\t\t\t\tUsine d'IA cl\u00e9 en main\t\t\t\t\t\t<\/span>\n\t\t\t\t\t<\/h3>\n\t\t\t\t\n\t\t\t\t\t\t\t\t\t<p class=\"elementor-icon-box-description\">\n\t\t\t\t\t\tCassava cab fournit une usine d'IA enti\u00e8rement g\u00e9r\u00e9e et cl\u00e9 en main (AI Factory-in-a-box) combinant le calcul, le stockage, la mise en r\u00e9seau, l'orchestration et les op\u00e9rations, permettant aux partenaires de d\u00e9ployer rapidement une infrastructure d'IA pr\u00eate \u00e0 la production, sans investissement initial en capital, sans p\u00e9nurie de comp\u00e9tences ou sans complexit\u00e9 op\u00e9rationnelle sur les march\u00e9s r\u00e9glement\u00e9s au niveau local.\t\t\t\t\t<\/p>\n\t\t\t\t\n\t\t\t<\/div>\n\t\t\t\n\t\t<\/div>\n\t\t\t\t\t\t<\/div>\n\t\t\t\t<\/div>\n\t\t\t\t<div class=\"elementor-element elementor-element-1c88f4e elementor-widget__width-initial gradient-border3 elementor-invisible elementor-widget elementor-widget-icon-box\" data-id=\"1c88f4e\" data-element_type=\"widget\" data-e-type=\"widget\" data-settings=\"{&quot;_animation&quot;:&quot;fadeInUp&quot;,&quot;_animation_delay&quot;:200}\" data-widget_type=\"icon-box.default\">\n\t\t\t\t<div class=\"elementor-widget-container\">\n\t\t\t\t\t\t\t<div class=\"elementor-icon-box-wrapper\">\n\n\t\t\t\n\t\t\t\t\t\t<div class=\"elementor-icon-box-content\">\n\n\t\t\t\t\t\t\t\t\t<h3 class=\"elementor-icon-box-title\">\n\t\t\t\t\t\t<span  >\n\t\t\t\t\t\t\tSolutions natives en mati\u00e8re d'IA\t\t\t\t\t\t<\/span>\n\t\t\t\t\t<\/h3>\n\t\t\t\t\n\t\t\t\t\t\t\t\t\t<p class=\"elementor-icon-box-description\">\n\t\t\t\t\t\tOffre les solutions d'IA internes de Cassava, y compris les capacit\u00e9s op\u00e9rationnelles, de r\u00e9seau et d'exp\u00e9rience client, permettant aux partenaires d'int\u00e9grer des cas d'utilisation d'IA \u00e9prouv\u00e9s qui favorisent l'efficacit\u00e9, l'automatisation et la mon\u00e9tisation dans les environnements des t\u00e9l\u00e9communications, des entreprises et du secteur public \u00e0 l'\u00e9chelle nationale en toute s\u00e9curit\u00e9.\t\t\t\t\t<\/p>\n\t\t\t\t\n\t\t\t<\/div>\n\t\t\t\n\t\t<\/div>\n\t\t\t\t\t\t<\/div>\n\t\t\t\t<\/div>\n\t\t\t\t<div class=\"elementor-element elementor-element-3a1f065 elementor-widget__width-initial gradient-border2 elementor-invisible elementor-widget elementor-widget-icon-box\" data-id=\"3a1f065\" data-element_type=\"widget\" data-e-type=\"widget\" data-settings=\"{&quot;_animation&quot;:&quot;fadeInUp&quot;}\" data-widget_type=\"icon-box.default\">\n\t\t\t\t<div class=\"elementor-widget-container\">\n\t\t\t\t\t\t\t<div class=\"elementor-icon-box-wrapper\">\n\n\t\t\t\n\t\t\t\t\t\t<div class=\"elementor-icon-box-content\">\n\n\t\t\t\t\t\t\t\t\t<h3 class=\"elementor-icon-box-title\">\n\t\t\t\t\t\t<span  >\n\t\t\t\t\t\t\tPlate-forme multi-mod\u00e8le CAIMEx\t\t\t\t\t\t<\/span>\n\t\t\t\t\t<\/h3>\n\t\t\t\t\n\t\t\t\t\t\t\t\t\t<p class=\"elementor-icon-box-description\">\n\t\t\t\t\t\tFournit CAIMEx, une plateforme multi-mod\u00e8le localis\u00e9e offrant un acc\u00e8s unifi\u00e9 aux principaux mod\u00e8les d'IA mondiaux et ouverts, r\u00e9gis par des usines d'IA r\u00e9gionales afin de garantir la souverainet\u00e9 des donn\u00e9es, la conformit\u00e9, le contr\u00f4le des co\u00fbts et des performances coh\u00e9rentes pour l'adoption par les entreprises au niveau local.\t\t\t\t\t<\/p>\n\t\t\t\t\n\t\t\t<\/div>\n\t\t\t\n\t\t<\/div>\n\t\t\t\t\t\t<\/div>\n\t\t\t\t<\/div>\n\t\t\t\t\t<\/div>\n\t\t\t\t<\/div>\n\t\t<div class=\"elementor-element elementor-element-f0e400a e-flex e-con-boxed elementor-invisible e-con e-parent\" data-id=\"f0e400a\" data-element_type=\"container\" data-e-type=\"container\" data-settings=\"{&quot;animation&quot;:&quot;fadeInUp&quot;}\">\n\t\t\t\t\t<div class=\"e-con-inner\">\n\t\t<div class=\"elementor-element elementor-element-903151f e-con-full gradient-border2 e-flex e-con e-child\" data-id=\"903151f\" data-element_type=\"container\" data-e-type=\"container\" data-settings=\"{&quot;background_background&quot;:&quot;gradient&quot;}\">\n\t\t\t\t<div class=\"elementor-element elementor-element-c3acbbb elementor-widget elementor-widget-heading\" data-id=\"c3acbbb\" data-element_type=\"widget\" data-e-type=\"widget\" data-widget_type=\"heading.default\">\n\t\t\t\t<div class=\"elementor-widget-container\">\n\t\t\t\t\t<h2 class=\"elementor-heading-title elementor-size-default\">Commencer<\/h2>\t\t\t\t<\/div>\n\t\t\t\t<\/div>\n\t\t\t\t<div class=\"elementor-element elementor-element-95a25f3 elementor-widget elementor-widget-text-editor\" data-id=\"95a25f3\" data-element_type=\"widget\" data-e-type=\"widget\" data-widget_type=\"text-editor.default\">\n\t\t\t\t<div class=\"elementor-widget-container\">\n\t\t\t\t\t\t\t\t\t<p>Prenez contact avec nous pour discuter de la mani\u00e8re dont ces cas d'utilisation s'appliquent \u00e0 vos r\u00e9alit\u00e9s locales.<\/p>\t\t\t\t\t\t\t\t<\/div>\n\t\t\t\t<\/div>\n\t\t\t\t<div class=\"elementor-element elementor-element-afa4cbb elementor-widget elementor-widget-image\" data-id=\"afa4cbb\" data-element_type=\"widget\" data-e-type=\"widget\" data-widget_type=\"image.default\">\n\t\t\t\t<div class=\"elementor-widget-container\">\n\t\t\t\t\t\t\t\t\t\t\t\t\t\t\t\t<a href=\"https:\/\/www.cassava.ai\/fr\/get-in-touch\/\">\n\t\t\t\t\t\t\t<img decoding=\"async\" width=\"800\" height=\"800\" src=\"https:\/\/www.cassava.ai\/wp-content\/uploads\/2024\/06\/ButtonGreen.svg\" class=\"elementor-animation-grow attachment-large size-large wp-image-602\" alt=\"Button Green\" srcset=\"https:\/\/www.cassava.ai\/wp-content\/uploads\/\/2024\/06\/ButtonGreen.svg 150w, https:\/\/www.cassava.ai\/wp-content\/uploads\/\/2024\/06\/ButtonGreen.svg 300w, https:\/\/www.cassava.ai\/wp-content\/uploads\/\/2024\/06\/ButtonGreen.svg 1024w\" sizes=\"(max-width: 800px) 100vw, 800px\" \/>\t\t\t\t\t\t\t\t<\/a>\n\t\t\t\t\t\t\t\t\t\t\t\t\t\t\t<\/div>\n\t\t\t\t<\/div>\n\t\t\t\t<\/div>\n\t\t\t\t\t<\/div>\n\t\t\t\t<\/div>\n\t\t\t\t<\/div>","protected":false},"excerpt":{"rendered":"<p>Cassava Cloud Partner Use cases for Telcos An exclusive programme that enables selected partners to consume and distribute technologies for which Cassava holds distribution rights. The programme packages Cassava&#8217;s AI capability stack into a resalable, channel\u2011ready product suite. For MNOs &amp; system integrators Mobile Network Operators The Cassava Cloud Partner (CCP) programme is designed for [&hellip;]<\/p>\n","protected":false},"author":1,"featured_media":0,"parent":0,"menu_order":0,"comment_status":"closed","ping_status":"closed","template":"","meta":{"footnotes":""},"class_list":["post-3745","page","type-page","status-publish","hentry"],"_links":{"self":[{"href":"https:\/\/www.cassava.ai\/fr\/wp-json\/wp\/v2\/pages\/3745","targetHints":{"allow":["GET"]}}],"collection":[{"href":"https:\/\/www.cassava.ai\/fr\/wp-json\/wp\/v2\/pages"}],"about":[{"href":"https:\/\/www.cassava.ai\/fr\/wp-json\/wp\/v2\/types\/page"}],"author":[{"embeddable":true,"href":"https:\/\/www.cassava.ai\/fr\/wp-json\/wp\/v2\/users\/1"}],"replies":[{"embeddable":true,"href":"https:\/\/www.cassava.ai\/fr\/wp-json\/wp\/v2\/comments?post=3745"}],"version-history":[{"count":28,"href":"https:\/\/www.cassava.ai\/fr\/wp-json\/wp\/v2\/pages\/3745\/revisions"}],"predecessor-version":[{"id":3884,"href":"https:\/\/www.cassava.ai\/fr\/wp-json\/wp\/v2\/pages\/3745\/revisions\/3884"}],"wp:attachment":[{"href":"https:\/\/www.cassava.ai\/fr\/wp-json\/wp\/v2\/media?parent=3745"}],"curies":[{"name":"wp","href":"https:\/\/api.w.org\/{rel}","templated":true}]}}