{"id":3042,"date":"2024-10-09T11:36:04","date_gmt":"2024-10-09T09:36:04","guid":{"rendered":"https:\/\/www.cassava.ai\/?page_id=3042"},"modified":"2024-10-14T14:09:13","modified_gmt":"2024-10-14T12:09:13","slug":"privacy","status":"publish","type":"page","link":"https:\/\/www.cassava.ai\/fr\/privacy\/","title":{"rendered":"Vie priv\u00e9e"},"content":{"rendered":"<div data-elementor-type=\"wp-page\" data-elementor-id=\"3042\" class=\"elementor elementor-3042\" data-elementor-settings=\"{&quot;element_pack_global_tooltip_width&quot;:{&quot;unit&quot;:&quot;px&quot;,&quot;size&quot;:&quot;&quot;,&quot;sizes&quot;:[]},&quot;element_pack_global_tooltip_width_tablet&quot;:{&quot;unit&quot;:&quot;px&quot;,&quot;size&quot;:&quot;&quot;,&quot;sizes&quot;:[]},&quot;element_pack_global_tooltip_width_mobile&quot;:{&quot;unit&quot;:&quot;px&quot;,&quot;size&quot;:&quot;&quot;,&quot;sizes&quot;:[]},&quot;element_pack_global_tooltip_padding&quot;:{&quot;unit&quot;:&quot;px&quot;,&quot;top&quot;:&quot;&quot;,&quot;right&quot;:&quot;&quot;,&quot;bottom&quot;:&quot;&quot;,&quot;left&quot;:&quot;&quot;,&quot;isLinked&quot;:true},&quot;element_pack_global_tooltip_padding_tablet&quot;:{&quot;unit&quot;:&quot;px&quot;,&quot;top&quot;:&quot;&quot;,&quot;right&quot;:&quot;&quot;,&quot;bottom&quot;:&quot;&quot;,&quot;left&quot;:&quot;&quot;,&quot;isLinked&quot;:true},&quot;element_pack_global_tooltip_padding_mobile&quot;:{&quot;unit&quot;:&quot;px&quot;,&quot;top&quot;:&quot;&quot;,&quot;right&quot;:&quot;&quot;,&quot;bottom&quot;:&quot;&quot;,&quot;left&quot;:&quot;&quot;,&quot;isLinked&quot;:true},&quot;element_pack_global_tooltip_border_radius&quot;:{&quot;unit&quot;:&quot;px&quot;,&quot;top&quot;:&quot;&quot;,&quot;right&quot;:&quot;&quot;,&quot;bottom&quot;:&quot;&quot;,&quot;left&quot;:&quot;&quot;,&quot;isLinked&quot;:true},&quot;element_pack_global_tooltip_border_radius_tablet&quot;:{&quot;unit&quot;:&quot;px&quot;,&quot;top&quot;:&quot;&quot;,&quot;right&quot;:&quot;&quot;,&quot;bottom&quot;:&quot;&quot;,&quot;left&quot;:&quot;&quot;,&quot;isLinked&quot;:true},&quot;element_pack_global_tooltip_border_radius_mobile&quot;:{&quot;unit&quot;:&quot;px&quot;,&quot;top&quot;:&quot;&quot;,&quot;right&quot;:&quot;&quot;,&quot;bottom&quot;:&quot;&quot;,&quot;left&quot;:&quot;&quot;,&quot;isLinked&quot;:true}}\" data-elementor-post-type=\"page\">\n\t\t\t\t<div class=\"elementor-element elementor-element-0649007 e-flex e-con-boxed e-con e-parent\" data-id=\"0649007\" data-element_type=\"container\" data-e-type=\"container\" data-settings=\"{&quot;background_background&quot;:&quot;classic&quot;}\">\n\t\t\t\t\t<div class=\"e-con-inner\">\n\t\t<div class=\"elementor-element elementor-element-39b0724 e-con-full e-flex e-con e-child\" data-id=\"39b0724\" data-element_type=\"container\" data-e-type=\"container\" data-settings=\"{&quot;background_background&quot;:&quot;classic&quot;}\">\n\t\t\t\t<div class=\"elementor-element elementor-element-5c1f96a elementor-widget elementor-widget-heading\" data-id=\"5c1f96a\" data-element_type=\"widget\" data-e-type=\"widget\" data-widget_type=\"heading.default\">\n\t\t\t\t<div class=\"elementor-widget-container\">\n\t\t\t\t\t<h1 class=\"elementor-heading-title elementor-size-default\"><span class=\"gradient-text\">Politique de confidentialit\u00e9<\/span><br><\/h1>\t\t\t\t<\/div>\n\t\t\t\t<\/div>\n\t\t\t\t<div class=\"elementor-element elementor-element-dd91e13 elementor-widget elementor-widget-text-editor\" data-id=\"dd91e13\" data-element_type=\"widget\" data-e-type=\"widget\" data-widget_type=\"text-editor.default\">\n\t\t\t\t<div class=\"elementor-widget-container\">\n\t\t\t\t\t\t\t\t\t<p>Nous nous engageons \u00e0 prot\u00e9ger votre vie priv\u00e9e et \u00e0 \u00eatre transparents sur la mani\u00e8re dont nous utilisons vos donn\u00e9es.<\/p><p>Le pr\u00e9sent avis d\u00e9finit la base sur laquelle nous collectons et traitons vos donn\u00e9es \u00e0 caract\u00e8re personnel dans le cadre de votre utilisation de notre site web, de votre inscription \u00e0 des \u00e9v\u00e9nements et\/ou de votre inscription \u00e0 des bulletins d'information et \u00e0 d'autres activit\u00e9s de marketing en ligne.<\/p>\t\t\t\t\t\t\t\t<\/div>\n\t\t\t\t<\/div>\n\t\t\t\t<\/div>\n\t\t<div class=\"elementor-element elementor-element-32ef06c e-con-full e-flex e-con e-child\" data-id=\"32ef06c\" data-element_type=\"container\" data-e-type=\"container\">\n\t\t\t\t<div class=\"elementor-element elementor-element-40a4e8d elementor-widget elementor-widget-image\" data-id=\"40a4e8d\" data-element_type=\"widget\" data-e-type=\"widget\" data-widget_type=\"image.default\">\n\t\t\t\t<div class=\"elementor-widget-container\">\n\t\t\t\t\t\t\t\t\t\t\t\t\t\t\t<img fetchpriority=\"high\" decoding=\"async\" width=\"600\" height=\"600\" src=\"https:\/\/www.cassava.ai\/wp-content\/uploads\/2024\/06\/retail.jpg\" class=\"attachment-large size-large wp-image-738\" alt=\"Multilingual Intelligent Chatbot Assistant\" srcset=\"https:\/\/www.cassava.ai\/wp-content\/uploads\/2024\/06\/retail.jpg 600w, https:\/\/www.cassava.ai\/wp-content\/uploads\/2024\/06\/retail-300x300.jpg 300w, https:\/\/www.cassava.ai\/wp-content\/uploads\/2024\/06\/retail-150x150.jpg 150w\" sizes=\"(max-width: 600px) 100vw, 600px\" \/>\t\t\t\t\t\t\t\t\t\t\t\t\t\t\t<\/div>\n\t\t\t\t<\/div>\n\t\t\t\t<\/div>\n\t\t\t\t\t<\/div>\n\t\t\t\t<\/div>\n\t\t<div class=\"elementor-element elementor-element-9e0d83b e-flex e-con-boxed e-con e-parent\" data-id=\"9e0d83b\" data-element_type=\"container\" data-e-type=\"container\" data-settings=\"{&quot;background_background&quot;:&quot;classic&quot;}\">\n\t\t\t\t\t<div class=\"e-con-inner\">\n\t\t\t\t<div class=\"elementor-element elementor-element-308c517 elementor-widget elementor-widget-image\" data-id=\"308c517\" data-element_type=\"widget\" data-e-type=\"widget\" data-widget_type=\"image.default\">\n\t\t\t\t<div class=\"elementor-widget-container\">\n\t\t\t\t\t\t\t\t\t\t\t\t\t\t\t<img decoding=\"async\" width=\"800\" height=\"800\" src=\"https:\/\/www.cassava.ai\/wp-content\/uploads\/2024\/07\/Cassava-Tech-Logo.svg\" class=\"attachment-large size-large wp-image-2765\" alt=\"Cassava Technologies\" srcset=\"https:\/\/www.cassava.ai\/wp-content\/uploads\/\/2024\/07\/Cassava-Tech-Logo.svg 150w, https:\/\/www.cassava.ai\/wp-content\/uploads\/\/2024\/07\/Cassava-Tech-Logo.svg 300w, https:\/\/www.cassava.ai\/wp-content\/uploads\/\/2024\/07\/Cassava-Tech-Logo.svg 1024w\" sizes=\"(max-width: 800px) 100vw, 800px\" \/>\t\t\t\t\t\t\t\t\t\t\t\t\t\t\t<\/div>\n\t\t\t\t<\/div>\n\t\t\t\t<div class=\"elementor-element elementor-element-b314ab0 elementor-widget elementor-widget-text-editor\" data-id=\"b314ab0\" data-element_type=\"widget\" data-e-type=\"widget\" data-widget_type=\"text-editor.default\">\n\t\t\t\t<div class=\"elementor-widget-container\">\n\t\t\t\t\t\t\t\t\t<p><strong>Informations sur nous<\/strong><\/p><p>Ce site web est g\u00e9r\u00e9 par Cassava Technologies. Cassava Technologies est le contr\u00f4leur responsable de vos donn\u00e9es \u00e0 caract\u00e8re personnel (d\u00e9sign\u00e9 par \"nous\", \"notre\", \"nos\" ou \"Cassava Technologies\" dans le pr\u00e9sent avis de confidentialit\u00e9). Si vous avez des questions concernant le pr\u00e9sent avis de confidentialit\u00e9, l'utilisation de vos donn\u00e9es \u00e0 caract\u00e8re personnel ou vos relations avec notre site web, vous pouvez nous contacter \u00e0 l'adresse suivante\u00a0<\/p><p><strong>Quel type d'informations est collect\u00e9 aupr\u00e8s de vous ?<\/strong><\/p><p>Les informations que nous recueillons d\u00e9pendent de vos interactions avec Cassava Technologies et des choix que vous faites avec nous, y compris vos param\u00e8tres de confidentialit\u00e9. Les informations que nous recueillons peuvent \u00eatre les suivantes :<\/p><p><strong>Informations personnelles<\/strong><\/p><p>Les informations personnelles sont des informations qui vous identifient en tant qu'individu ou qui se rapportent \u00e0 un individu identifiable, notamment : le nom, le titre, le nom de la soci\u00e9t\u00e9, l'intitul\u00e9 du poste, l'adresse postale, le num\u00e9ro de t\u00e9l\u00e9phone ou l'adresse \u00e9lectronique. Si vous soumettez des informations personnelles au nom d'autres personnes, vous devez avoir leur autorisation pour le faire conform\u00e9ment \u00e0 la pr\u00e9sente politique de confidentialit\u00e9.<\/p><p><strong>Autres informations<\/strong><\/p><p>Les autres informations sont celles qui ne r\u00e9v\u00e8lent pas votre identit\u00e9 sp\u00e9cifique ou qui ne sont pas directement li\u00e9es \u00e0 une personne identifiable. Il peut s'agir, par exemple, d'informations relatives au navigateur et \u00e0 l'appareil, d'informations collect\u00e9es par le biais de cookies, de pixels et d'autres technologies, d'informations d\u00e9mographiques et d'autres informations que vous avez fournies ou d'informations agr\u00e9g\u00e9es.<\/p><p><strong>Informations sur l'emplacement<\/strong><\/p><p>Nous recueillons des informations sur votre localisation impr\u00e9cise, qui comprend, par exemple, une localisation d\u00e9riv\u00e9e de votre adresse IP ou des donn\u00e9es qui indiquent o\u00f9 vous \u00eates situ\u00e9 avec moins de pr\u00e9cision, comme au niveau d'une ville ou d'un code postal. Votre adresse IP est un num\u00e9ro qui est automatiquement attribu\u00e9 \u00e0 l'ordinateur que vous utilisez par votre fournisseur d'acc\u00e8s \u00e0 Internet (FAI). La collecte d'adresses IP est une pratique courante et est effectu\u00e9e automatiquement par de nombreux sites web, applications et autres services.<\/p><p><strong>Comment nous collectons des informations aupr\u00e8s de vous<\/strong><\/p><p>Nous pouvons collecter des informations aupr\u00e8s de vous de diff\u00e9rentes mani\u00e8res, notamment :<\/p><ol><li><strong> Informations personnelles.<\/strong><\/li><\/ol><ul><li><strong>Par le biais de notre site web :<\/strong>\u00a0Nous pouvons recueillir des informations personnelles sur notre site web, par exemple lorsque vous demandez une brochure sur un produit, que vous vous inscrivez \u00e0 un \u00e9v\u00e9nement, que vous nous contactez, que vous vous abonnez \u00e0 notre lettre d'information ou que vous t\u00e9l\u00e9chargez du contenu (par exemple, des livres blancs).<\/li><li><strong>Hors ligne :<\/strong>\u00a0Nous pouvons recueillir des informations personnelles aupr\u00e8s de vous hors ligne, par exemple lorsque vous assistez \u00e0 l'un de nos \u00e9v\u00e9nements, parlez \u00e0 nos repr\u00e9sentants commerciaux ou contactez notre service client\u00e8le.<\/li><li><strong>Informations provenant d'autres sources :<\/strong>\u00a0Afin d'am\u00e9liorer notre capacit\u00e9 \u00e0 vous proposer un marketing, des offres et des services pertinents, nous pouvons obtenir des informations vous concernant aupr\u00e8s d'autres sources, telles que des bases de donn\u00e9es publiques, des partenaires de marketing commun et des plateformes de m\u00e9dias sociaux, ainsi qu'aupr\u00e8s d'autres tiers.<br \/><br \/><\/li><\/ul><ol start=\"2\"><li><strong> Autres informations.<\/strong><\/li><\/ol><ul><li><strong>Par l'interm\u00e9diaire de votre navigateur ou de votre appareil :<\/strong>\u00a0Certaines informations sont collect\u00e9es par la plupart des navigateurs ou automatiquement par votre appareil, comme la r\u00e9solution de votre \u00e9cran, le nom et la version de votre syst\u00e8me d'exploitation, le fabricant et le mod\u00e8le de votre appareil, la langue, le type et la version de votre navigateur internet.<\/li><li><strong>Par le biais de cookies et d'autres technologies similaires :<\/strong>\u00a0Comme beaucoup d'autres sites web, le site web de Cassava Technologies utilise des cookies. Les cookies sont de petits \u00e9l\u00e9ments d'information envoy\u00e9s par une organisation \u00e0 votre ordinateur et stock\u00e9s sur votre disque dur pour permettre \u00e0 ce site web de vous reconna\u00eetre lorsque vous le visitez. Ils recueillent des donn\u00e9es statistiques sur vos actions et habitudes de navigation et ne vous identifient pas en tant qu'individu.<br \/><br \/><\/li><\/ul><p><strong>Comment contr\u00f4ler les cookies<\/strong><\/p><p>Il est possible de d\u00e9sactiver les cookies en param\u00e9trant les pr\u00e9f\u00e9rences de votre navigateur. La d\u00e9sactivation des cookies peut entra\u00eener une perte de fonctionnalit\u00e9 lors de l'utilisation de notre site web.<\/p><p>Veuillez consulter notre politique en mati\u00e8re de cookies pour plus d'informations.<\/p><p><strong>Notre utilisation des balises Web et des services d'analyse<\/strong><\/p><p>Les pages web de Cassava Technologies peuvent contenir des images \u00e9lectroniques connues sous le nom de balises web (\u00e9galement appel\u00e9es gifs \u00e0 pixel unique) que nous utilisons pour aider \u00e0 d\u00e9livrer des cookies sur nos sites web, compter les utilisateurs qui ont visit\u00e9 ces sites web et d\u00e9livrer des produits co-marqu\u00e9s. Nous incluons \u00e9galement des balises web dans nos messages \u00e9lectroniques promotionnels ou nos bulletins d'information afin de d\u00e9terminer si vous les ouvrez et y donnez suite.<\/p><p><strong>\u00c0 quelles fins utilisons-nous vos donn\u00e9es personnelles ?<\/strong><\/p><p>La loi sur la protection des donn\u00e9es en vigueur \u00e0 Jersey nous autorise \u00e0 collecter, utiliser, stocker et transf\u00e9rer des informations personnelles si nous avons un ou plusieurs des objectifs suivants :<\/p><ul><li>pour remplir un contrat avec vous ; ou<\/li><li>lorsque cela est n\u00e9cessaire pour se conformer \u00e0 une obligation l\u00e9gale ou r\u00e9glementaire ; ou<\/li><li>lorsque cela est n\u00e9cessaire pour nos int\u00e9r\u00eats l\u00e9gitimes (\u00e0 condition que vos int\u00e9r\u00eats et vos droits fondamentaux ne pr\u00e9valent pas sur ces int\u00e9r\u00eats) ; ou<\/li><li>pour d'autres raisons pour lesquelles vous avez express\u00e9ment consenti \u00e0 ces fins.<\/li><\/ul><p>Nous utiliserons les informations que vous nous fournissez d'une mani\u00e8re conforme \u00e0 la loi de Jersey de 2018 sur la protection des donn\u00e9es.<\/p><p>Vous trouverez ci-dessous les fa\u00e7ons dont nous utiliserons vos donn\u00e9es personnelles pour ex\u00e9cuter votre contrat et\/ou pour nos int\u00e9r\u00eats l\u00e9gitimes :<\/p><p><strong>Comment nous utilisons vos informations personnelles<\/strong><\/p><p>Nous pouvons utiliser vos informations pour :<\/p><ul><li>vous envoyer les informations que vous avez demand\u00e9es et qui peuvent vous int\u00e9resser. Il peut s'agir d'informations sur Cassava Technologies, sur les produits et services que nous offrons, sur les promotions des biens et services de nos entreprises associ\u00e9es.<\/li><li>vous envoyer des informations administratives, par exemple pour vous informer des modifications apport\u00e9es \u00e0 nos services, \u00e0 nos conditions et \u00e0 nos politiques.<\/li><li>Personnaliser votre exp\u00e9rience sur le site web en vous pr\u00e9sentant des produits et des offres adapt\u00e9s \u00e0 vos besoins.<\/li><li>Demander votre avis ou vos commentaires sur les services que nous fournissons ;<\/li><li>Pour vous pr\u00e9senter des annonces personnalis\u00e9es de produits et de services sur Google, LinkedIn, Twitter et Facebook. Les publicit\u00e9s que vous voyez peuvent \u00eatre s\u00e9lectionn\u00e9es en fonction des informations que nous traitons \u00e0 votre sujet, telles que votre localisation ou le contenu que vous consultez. Par exemple, si vous consultez du contenu sur notre site web concernant le Cloud, nous pouvons vous montrer des publicit\u00e9s sur Office 365. Nous vous demandons votre consentement pour ce type de marketing direct lorsque vous effectuez un enregistrement aupr\u00e8s de Cassava Technologies.<br \/><br \/><\/li><\/ul><p><strong>Qui a acc\u00e8s \u00e0 vos informations ?<\/strong><\/p><p>Nous ne vendrons ni ne louerons vos informations \u00e0 des tiers.<\/p><p>Nous ne partagerons pas vos informations avec des tiers \u00e0 des fins de marketing.<\/p><p>Fournisseurs de services tiers travaillant pour notre compte : Nous partageons des donn\u00e9es \u00e0 caract\u00e8re personnel entre les soci\u00e9t\u00e9s affili\u00e9es et les filiales contr\u00f4l\u00e9es par Cassava Technologies. Nous partageons \u00e9galement des donn\u00e9es \u00e0 caract\u00e8re personnel avec des fournisseurs ou des agents travaillant pour notre compte aux fins d\u00e9crites dans la pr\u00e9sente d\u00e9claration. Par exemple, les soci\u00e9t\u00e9s que nous avons engag\u00e9es pour fournir un service d'assistance \u00e0 la client\u00e8le ou pour aider au nettoyage des donn\u00e9es peuvent avoir besoin d'acc\u00e9der \u00e0 des donn\u00e9es \u00e0 caract\u00e8re personnel pour remplir ces fonctions. Nous exigeons de tous les tiers engag\u00e9s par nous qu'ils respectent la s\u00e9curit\u00e9 de vos donn\u00e9es \u00e0 caract\u00e8re personnel et qu'ils les traitent conform\u00e9ment \u00e0 la loi. Ces tiers ne sont autoris\u00e9s \u00e0 traiter vos donn\u00e9es \u00e0 caract\u00e8re personnel que conform\u00e9ment \u00e0 nos instructions, et non \u00e0 leurs propres fins.<\/p><p><strong>Comment acc\u00e9der \u00e0 vos donn\u00e9es personnelles et les contr\u00f4ler ?<\/strong><\/p><p>Pour toute demande d'acc\u00e8s ou de suppression de vos informations personnelles, contactez Cassava Technologies en envoyant un courrier \u00e9lectronique \u00e0 l'adresse suivante\u00a0<a href=\"mailto:privacy@cassavatechnologies.com\">privacy@cassavatechnologies.com<\/a>. Nous r\u00e9pondrons \u00e0 votre demande dans les 30 jours.<\/p><p><strong>Quels sont mes choix ?<\/strong><\/p><p>Vous avez le choix de recevoir ou non des informations de notre part. Si vous ne souhaitez pas recevoir de communications de marketing direct de notre part concernant l'entreprise ou nos produits et services, vous pouvez faire votre choix en cochant les cases correspondantes situ\u00e9es sur le formulaire dans lequel nous recueillons vos informations.<\/p><p>Si vous recevez des courriels promotionnels de notre part et que vous n'avez pas donn\u00e9 votre accord, vous pouvez nous en informer en suivant les instructions figurant dans le message (par exemple, l'option de d\u00e9sabonnement dans le pied de page). Cette option ne s'applique pas aux communications obligatoires qui font partie de certains services de Cassava Technologies, ni aux enqu\u00eates ou autres communications informatives qui ont leur propre m\u00e9thode de d\u00e9sabonnement.<\/p><p><strong>Transfert international d'informations<\/strong><\/p><p>Les donn\u00e9es que nous recueillons aupr\u00e8s de vous peuvent \u00eatre transf\u00e9r\u00e9es et stock\u00e9es en dehors de l'Espace \u00e9conomique europ\u00e9en (\"EEE\") pour travailler avec des membres du groupe Cassava Technologies et des tiers, que nous utilisons pour nous aider \u00e0 r\u00e9aliser les objectifs susmentionn\u00e9s ou pour nous conformer \u00e0 une obligation l\u00e9gale. Chaque fois que nous transf\u00e9rons vos donn\u00e9es personnelles hors de l'EEE, nous nous assurons qu'un niveau de protection ad\u00e9quat leur est accord\u00e9 en utilisant des clauses contractuelles avec les destinataires qui signifient qu'ils doivent prot\u00e9ger vos donn\u00e9es personnelles avec le m\u00eame niveau de protection qu'au sein de l'EEE.<\/p><p><strong>Dur\u00e9e de conservation des donn\u00e9es personnelles<\/strong><\/p><p>Nous conserverons vos informations personnelles dans nos syst\u00e8mes aussi longtemps que n\u00e9cessaire pour l'activit\u00e9 concern\u00e9e, ou aussi longtemps que pr\u00e9vu dans tout contrat pertinent que vous avez conclu avec nous. Par la suite, nous pouvons les conserver plus longtemps afin de r\u00e9pondre \u00e0 toute question ou r\u00e9clamation et de tenir les registres n\u00e9cessaires pour satisfaire aux exigences l\u00e9gales, comptables ou d'\u00e9tablissement de rapports. Nous pouvons \u00e9galement conserver vos donn\u00e9es \u00e0 des fins de recherche ou de statistiques.<\/p><p><strong>Vos droits<\/strong><\/p><p>Vous avez le droit d'acc\u00e9der, de corriger ou de demander l'effacement de vos donn\u00e9es personnelles et de demander le transfert des donn\u00e9es \u00e0 vous ou \u00e0 un tiers. Vous pouvez vous opposer au traitement de vos donn\u00e9es lorsque nous nous appuyons sur un int\u00e9r\u00eat l\u00e9gitime et vous pouvez nous demander de limiter ce traitement. Lorsque nous nous appuyons sur votre consentement au traitement (tel que le marketing direct), vous pouvez retirer votre consentement \u00e0 tout moment.<\/p><p>Nous pouvons \u00eatre amen\u00e9s \u00e0 vous demander des informations sp\u00e9cifiques pour nous aider \u00e0 confirmer votre identit\u00e9 et garantir votre droit d'acc\u00e8s \u00e0 vos donn\u00e9es \u00e0 caract\u00e8re personnel (ou d'exercice de vos autres droits). Il s'agit d'une mesure de s\u00e9curit\u00e9 visant \u00e0 garantir que les donn\u00e9es \u00e0 caract\u00e8re personnel ne sont pas divulgu\u00e9es \u00e0 une personne qui n'a pas le droit de les recevoir. Nous pouvons \u00e9galement vous contacter pour vous demander des informations compl\u00e9mentaires en rapport avec votre demande afin d'acc\u00e9l\u00e9rer notre r\u00e9ponse.<\/p><p>Vous avez le droit de d\u00e9poser une plainte \u00e0 tout moment aupr\u00e8s du Jersey Office of Information Commissioner (JOIC), l'autorit\u00e9 de contr\u00f4le de Jersey pour les questions de protection des donn\u00e9es (https:\/\/jerseyoic.org). Cependant, nous appr\u00e9cierions d'avoir l'occasion de r\u00e9pondre \u00e0 vos pr\u00e9occupations avant que vous ne vous adressiez au JOIC, veuillez donc nous contacter en premier lieu.<\/p><p>Si vous avez des questions ou si vous souhaitez obtenir de plus amples informations, veuillez nous contacter \u00e0 l'adresse suivante\u00a0<a href=\"mailto:privacy@cassavatechnologies.com\">privacy@cassavatechnologies.com<\/a><\/p>\t\t\t\t\t\t\t\t<\/div>\n\t\t\t\t<\/div>\n\t\t\t\t\t<\/div>\n\t\t\t\t<\/div>\n\t\t\t\t<\/div>","protected":false},"excerpt":{"rendered":"<p>Privacy Policy We are committed to protecting your privacy and being transparent about how we use your data. This notice sets out the basis on which we collect and process your personal data through your use of our website, registration for events and\/or signing up for newsletters and other marketing activities online. Information about us [&hellip;]<\/p>\n","protected":false},"author":1,"featured_media":0,"parent":0,"menu_order":0,"comment_status":"closed","ping_status":"closed","template":"","meta":{"footnotes":""},"class_list":["post-3042","page","type-page","status-publish","hentry"],"_links":{"self":[{"href":"https:\/\/www.cassava.ai\/fr\/wp-json\/wp\/v2\/pages\/3042","targetHints":{"allow":["GET"]}}],"collection":[{"href":"https:\/\/www.cassava.ai\/fr\/wp-json\/wp\/v2\/pages"}],"about":[{"href":"https:\/\/www.cassava.ai\/fr\/wp-json\/wp\/v2\/types\/page"}],"author":[{"embeddable":true,"href":"https:\/\/www.cassava.ai\/fr\/wp-json\/wp\/v2\/users\/1"}],"replies":[{"embeddable":true,"href":"https:\/\/www.cassava.ai\/fr\/wp-json\/wp\/v2\/comments?post=3042"}],"version-history":[{"count":7,"href":"https:\/\/www.cassava.ai\/fr\/wp-json\/wp\/v2\/pages\/3042\/revisions"}],"predecessor-version":[{"id":3049,"href":"https:\/\/www.cassava.ai\/fr\/wp-json\/wp\/v2\/pages\/3042\/revisions\/3049"}],"wp:attachment":[{"href":"https:\/\/www.cassava.ai\/fr\/wp-json\/wp\/v2\/media?parent=3042"}],"curies":[{"name":"wp","href":"https:\/\/api.w.org\/{rel}","templated":true}]}}