{"id":3745,"date":"2026-02-28T08:06:02","date_gmt":"2026-02-28T06:06:02","guid":{"rendered":"https:\/\/www.cassava.ai\/?page_id=3745"},"modified":"2026-03-02T15:57:12","modified_gmt":"2026-03-02T13:57:12","slug":"cassava-cloud-partner","status":"publish","type":"page","link":"https:\/\/www.cassava.ai\/es\/cassava-cloud-partner\/","title":{"rendered":"Socio de Cassava Cloud"},"content":{"rendered":"<div data-elementor-type=\"wp-page\" data-elementor-id=\"3745\" class=\"elementor elementor-3745\" data-elementor-settings=\"{&quot;element_pack_global_tooltip_width&quot;:{&quot;unit&quot;:&quot;px&quot;,&quot;size&quot;:&quot;&quot;,&quot;sizes&quot;:[]},&quot;element_pack_global_tooltip_width_tablet&quot;:{&quot;unit&quot;:&quot;px&quot;,&quot;size&quot;:&quot;&quot;,&quot;sizes&quot;:[]},&quot;element_pack_global_tooltip_width_mobile&quot;:{&quot;unit&quot;:&quot;px&quot;,&quot;size&quot;:&quot;&quot;,&quot;sizes&quot;:[]},&quot;element_pack_global_tooltip_padding&quot;:{&quot;unit&quot;:&quot;px&quot;,&quot;top&quot;:&quot;&quot;,&quot;right&quot;:&quot;&quot;,&quot;bottom&quot;:&quot;&quot;,&quot;left&quot;:&quot;&quot;,&quot;isLinked&quot;:true},&quot;element_pack_global_tooltip_padding_tablet&quot;:{&quot;unit&quot;:&quot;px&quot;,&quot;top&quot;:&quot;&quot;,&quot;right&quot;:&quot;&quot;,&quot;bottom&quot;:&quot;&quot;,&quot;left&quot;:&quot;&quot;,&quot;isLinked&quot;:true},&quot;element_pack_global_tooltip_padding_mobile&quot;:{&quot;unit&quot;:&quot;px&quot;,&quot;top&quot;:&quot;&quot;,&quot;right&quot;:&quot;&quot;,&quot;bottom&quot;:&quot;&quot;,&quot;left&quot;:&quot;&quot;,&quot;isLinked&quot;:true},&quot;element_pack_global_tooltip_border_radius&quot;:{&quot;unit&quot;:&quot;px&quot;,&quot;top&quot;:&quot;&quot;,&quot;right&quot;:&quot;&quot;,&quot;bottom&quot;:&quot;&quot;,&quot;left&quot;:&quot;&quot;,&quot;isLinked&quot;:true},&quot;element_pack_global_tooltip_border_radius_tablet&quot;:{&quot;unit&quot;:&quot;px&quot;,&quot;top&quot;:&quot;&quot;,&quot;right&quot;:&quot;&quot;,&quot;bottom&quot;:&quot;&quot;,&quot;left&quot;:&quot;&quot;,&quot;isLinked&quot;:true},&quot;element_pack_global_tooltip_border_radius_mobile&quot;:{&quot;unit&quot;:&quot;px&quot;,&quot;top&quot;:&quot;&quot;,&quot;right&quot;:&quot;&quot;,&quot;bottom&quot;:&quot;&quot;,&quot;left&quot;:&quot;&quot;,&quot;isLinked&quot;:true}}\" data-elementor-post-type=\"page\">\n\t\t\t\t<div class=\"elementor-element elementor-element-dfb7baa e-flex e-con-boxed e-con e-parent\" data-id=\"dfb7baa\" data-element_type=\"container\" data-e-type=\"container\" data-settings=\"{&quot;background_background&quot;:&quot;classic&quot;}\">\n\t\t\t\t\t<div class=\"e-con-inner\">\n\t\t<div class=\"elementor-element elementor-element-bc5133e e-con-full e-flex e-con e-child\" data-id=\"bc5133e\" data-element_type=\"container\" data-e-type=\"container\" data-settings=\"{&quot;background_background&quot;:&quot;classic&quot;}\">\n\t\t\t\t<div class=\"elementor-element elementor-element-5b6058f elementor-widget elementor-widget-heading\" data-id=\"5b6058f\" data-element_type=\"widget\" data-e-type=\"widget\" data-widget_type=\"heading.default\">\n\t\t\t\t<div class=\"elementor-widget-container\">\n\t\t\t\t\t<h1 class=\"elementor-heading-title elementor-size-default\"><span class=\"gradient-text\">Socio de Cassava Cloud<\/span><\/h1>\t\t\t\t<\/div>\n\t\t\t\t<\/div>\n\t\t\t\t<div class=\"elementor-element elementor-element-2de4cb5 elementor-widget elementor-widget-heading\" data-id=\"2de4cb5\" data-element_type=\"widget\" data-e-type=\"widget\" data-widget_type=\"heading.default\">\n\t\t\t\t<div class=\"elementor-widget-container\">\n\t\t\t\t\t<h2 class=\"elementor-heading-title elementor-size-default\">Casos pr\u00e1cticos para las telecos<\/h2>\t\t\t\t<\/div>\n\t\t\t\t<\/div>\n\t\t\t\t<div class=\"elementor-element elementor-element-94d421a elementor-widget elementor-widget-text-editor\" data-id=\"94d421a\" data-element_type=\"widget\" data-e-type=\"widget\" data-widget_type=\"text-editor.default\">\n\t\t\t\t<div class=\"elementor-widget-container\">\n\t\t\t\t\t\t\t\t\t<p>Un programa exclusivo que permite a socios seleccionados consumir y distribuir tecnolog\u00edas para las que Cassava posee derechos de distribuci\u00f3n. El programa agrupa la pila de capacidades de IA de Cassava en un conjunto de productos comercializables y listos para el canal.<\/p>\t\t\t\t\t\t\t\t<\/div>\n\t\t\t\t<\/div>\n\t\t\t\t<\/div>\n\t\t<div class=\"elementor-element elementor-element-64d0d3f e-con-full e-flex e-con e-child\" data-id=\"64d0d3f\" data-element_type=\"container\" data-e-type=\"container\">\n\t\t\t\t<div class=\"elementor-element elementor-element-3ca90a7 elementor-widget elementor-widget-image\" data-id=\"3ca90a7\" data-element_type=\"widget\" data-e-type=\"widget\" data-widget_type=\"image.default\">\n\t\t\t\t<div class=\"elementor-widget-container\">\n\t\t\t\t\t\t\t\t\t\t\t\t\t\t\t<img fetchpriority=\"high\" decoding=\"async\" width=\"600\" height=\"600\" src=\"https:\/\/www.cassava.ai\/wp-content\/uploads\/2026\/02\/Cloud-Partner.jpg\" class=\"attachment-large size-large wp-image-3750\" alt=\"Cloud Partner\" srcset=\"https:\/\/www.cassava.ai\/wp-content\/uploads\/2026\/02\/Cloud-Partner.jpg 600w, https:\/\/www.cassava.ai\/wp-content\/uploads\/2026\/02\/Cloud-Partner-300x300.jpg 300w, https:\/\/www.cassava.ai\/wp-content\/uploads\/2026\/02\/Cloud-Partner-150x150.jpg 150w, https:\/\/www.cassava.ai\/wp-content\/uploads\/2026\/02\/Cloud-Partner-12x12.jpg 12w\" sizes=\"(max-width: 600px) 100vw, 600px\" \/>\t\t\t\t\t\t\t\t\t\t\t\t\t\t\t<\/div>\n\t\t\t\t<\/div>\n\t\t\t\t<\/div>\n\t\t\t\t\t<\/div>\n\t\t\t\t<\/div>\n\t\t<div class=\"elementor-element elementor-element-56d47a4 e-flex e-con-boxed e-con e-parent\" data-id=\"56d47a4\" data-element_type=\"container\" data-e-type=\"container\" data-settings=\"{&quot;background_background&quot;:&quot;classic&quot;}\">\n\t\t\t\t\t<div class=\"e-con-inner\">\n\t\t\t\t<div class=\"elementor-element elementor-element-a142198 elementor-widget__width-inherit elementor-widget elementor-widget-heading\" data-id=\"a142198\" data-element_type=\"widget\" data-e-type=\"widget\" data-widget_type=\"heading.default\">\n\t\t\t\t<div class=\"elementor-widget-container\">\n\t\t\t\t\t<h2 class=\"elementor-heading-title elementor-size-default\">Para operadores de redes m\u00f3viles e integradores de sistemas<span class=\"gradient-text\"><\/span> <\/h2>\t\t\t\t<\/div>\n\t\t\t\t<\/div>\n\t\t\t\t<div class=\"elementor-element elementor-element-dee4955 elementor-widget__width-initial elementor-widget elementor-widget-text-editor\" data-id=\"dee4955\" data-element_type=\"widget\" data-e-type=\"widget\" data-widget_type=\"text-editor.default\">\n\t\t\t\t<div class=\"elementor-widget-container\">\n\t\t\t\t\t\t\t\t\t<h4>Operadores de redes m\u00f3viles<\/h4><p>El programa Cassava Cloud Partner (CCP) est\u00e1 dise\u00f1ado para operadores de redes m\u00f3viles (ORM) que deseen ir m\u00e1s all\u00e1 de los modelos de conectividad tradicionales y rentabilizar sus activos de red, datos y clientes a trav\u00e9s de la IA y los servicios en la nube.<\/p>\t\t\t\t\t\t\t\t<\/div>\n\t\t\t\t<\/div>\n\t\t\t\t<div class=\"elementor-element elementor-element-c06b52a elementor-widget__width-initial elementor-widget elementor-widget-text-editor\" data-id=\"c06b52a\" data-element_type=\"widget\" data-e-type=\"widget\" data-widget_type=\"text-editor.default\">\n\t\t\t\t<div class=\"elementor-widget-container\">\n\t\t\t\t\t\t\t\t\t<h4>Integradores de sistemas<\/h4><p>El programa Cloud Partner permite a los SI consumir, revender o integrar las capacidades digitales, de nube y de IA de Cassava en sus propias ofertas, lo que les permite crear soluciones verticales espec\u00edficas en una plataforma soberana de nivel empresarial. Con acceso a infraestructura de IA llave en mano, servicios de IA nativos y acceso unificado a grandes modelos ling\u00fc\u00edsticos, los integradores de sistemas pueden centrarse en el dise\u00f1o, la integraci\u00f3n y los resultados de las soluciones, mientras Cassava gestiona la infraestructura subyacente, la orquestaci\u00f3n y el cumplimiento.<\/p>\t\t\t\t\t\t\t\t<\/div>\n\t\t\t\t<\/div>\n\t\t\t\t\t<\/div>\n\t\t\t\t<\/div>\n\t\t<div class=\"elementor-element elementor-element-4cf463a e-flex e-con-boxed e-con e-parent\" data-id=\"4cf463a\" data-element_type=\"container\" data-e-type=\"container\">\n\t\t\t\t\t<div class=\"e-con-inner\">\n\t\t\t\t<div class=\"elementor-element elementor-element-59e0603 elementor-widget elementor-widget-heading\" data-id=\"59e0603\" data-element_type=\"widget\" data-e-type=\"widget\" data-widget_type=\"heading.default\">\n\t\t\t\t<div class=\"elementor-widget-container\">\n\t\t\t\t\t<h2 class=\"elementor-heading-title elementor-size-default\">Cuatro claros <span class=\"gradient-text\">propuestas de valor<\/span> <\/h2>\t\t\t\t<\/div>\n\t\t\t\t<\/div>\n\t\t\t\t<div class=\"elementor-element elementor-element-6e6767d elementor-widget elementor-widget-text-editor\" data-id=\"6e6767d\" data-element_type=\"widget\" data-e-type=\"widget\" data-widget_type=\"text-editor.default\">\n\t\t\t\t<div class=\"elementor-widget-container\">\n\t\t\t\t\t\t\t\t\t<p>Cassava permite a los clientes desplegar capacidades inform\u00e1ticas de forma escalable y perfectamente orquestada desde el primer d\u00eda, siguiendo las pol\u00edticas de cumplimiento locales.<\/p><p>A trav\u00e9s del programa CCP, Cassava est\u00e1 eliminando las barreras de entrada, como los elevados costes iniciales de la infraestructura inform\u00e1tica, mediante un enfoque gestionado flexible. Esto apoya la estrategia m\u00e1s amplia de Cassava de construir un ecosistema soberano de nube e IA, que abarque despliegues nacionales y empresariales, para permitir a gobiernos y empresas de toda \u00c1frica y m\u00e1s all\u00e1 acceder a infraestructuras avanzadas de IA manteniendo el control sobre sus datos y plataformas digitales.\u00a0<\/p>\t\t\t\t\t\t\t\t<\/div>\n\t\t\t\t<\/div>\n\t\t\t\t\t<\/div>\n\t\t\t\t<\/div>\n\t\t<div class=\"elementor-element elementor-element-ce4420d e-flex e-con-boxed e-con e-child\" data-id=\"ce4420d\" data-element_type=\"container\" data-e-type=\"container\">\n\t\t\t\t\t<div class=\"e-con-inner\">\n\t\t\t\t<div class=\"elementor-element elementor-element-48d824b elementor-widget__width-initial gradient-border2 elementor-invisible elementor-widget elementor-widget-icon-box\" data-id=\"48d824b\" data-element_type=\"widget\" data-e-type=\"widget\" data-settings=\"{&quot;_animation&quot;:&quot;fadeInUp&quot;}\" data-widget_type=\"icon-box.default\">\n\t\t\t\t<div class=\"elementor-widget-container\">\n\t\t\t\t\t\t\t<div class=\"elementor-icon-box-wrapper\">\n\n\t\t\t\n\t\t\t\t\t\t<div class=\"elementor-icon-box-content\">\n\n\t\t\t\t\t\t\t\t\t<h3 class=\"elementor-icon-box-title\">\n\t\t\t\t\t\t<span  >\n\t\t\t\t\t\t\tSoluciones en la nube de NVIDIA\t\t\t\t\t\t<\/span>\n\t\t\t\t\t<\/h3>\n\t\t\t\t\n\t\t\t\t\t\t\t\t\t<p class=\"elementor-icon-box-description\">\n\t\t\t\t\t\tProporciona a los partners acceso a servicios en la nube certificados por NVIDIA y acelerados por GPU, lo que permite la implementaci\u00f3n de cargas de trabajo de IA de alto rendimiento con fiabilidad garantizada, seguridad empresarial y herramientas de nivel global, suministradas localmente a trav\u00e9s de entornos soberanos y conformes y modelos de soporte regionales para el crecimiento a escala.\t\t\t\t\t<\/p>\n\t\t\t\t\n\t\t\t<\/div>\n\t\t\t\n\t\t<\/div>\n\t\t\t\t\t\t<\/div>\n\t\t\t\t<\/div>\n\t\t\t\t<div class=\"elementor-element elementor-element-9226902 elementor-widget__width-initial gradient-border3 elementor-invisible elementor-widget elementor-widget-icon-box\" data-id=\"9226902\" data-element_type=\"widget\" data-e-type=\"widget\" data-settings=\"{&quot;_animation&quot;:&quot;fadeInUp&quot;}\" data-widget_type=\"icon-box.default\">\n\t\t\t\t<div class=\"elementor-widget-container\">\n\t\t\t\t\t\t\t<div class=\"elementor-icon-box-wrapper\">\n\n\t\t\t\n\t\t\t\t\t\t<div class=\"elementor-icon-box-content\">\n\n\t\t\t\t\t\t\t\t\t<h3 class=\"elementor-icon-box-title\">\n\t\t\t\t\t\t<span  >\n\t\t\t\t\t\t\tF\u00e1brica de IA llave en mano\t\t\t\t\t\t<\/span>\n\t\t\t\t\t<\/h3>\n\t\t\t\t\n\t\t\t\t\t\t\t\t\t<p class=\"elementor-icon-box-description\">\n\t\t\t\t\t\tCassava cab ofrece una f\u00e1brica de IA (AI Factory-in-a-box) llave en mano y totalmente gestionada que combina computaci\u00f3n, almacenamiento, redes, orquestaci\u00f3n y operaciones, lo que permite a los socios desplegar r\u00e1pidamente una infraestructura de IA lista para la producci\u00f3n, sin inversi\u00f3n de capital inicial, escasez de habilidades o complejidad operativa en mercados regulados a nivel local.\t\t\t\t\t<\/p>\n\t\t\t\t\n\t\t\t<\/div>\n\t\t\t\n\t\t<\/div>\n\t\t\t\t\t\t<\/div>\n\t\t\t\t<\/div>\n\t\t\t\t<div class=\"elementor-element elementor-element-1c88f4e elementor-widget__width-initial gradient-border3 elementor-invisible elementor-widget elementor-widget-icon-box\" data-id=\"1c88f4e\" data-element_type=\"widget\" data-e-type=\"widget\" data-settings=\"{&quot;_animation&quot;:&quot;fadeInUp&quot;,&quot;_animation_delay&quot;:200}\" data-widget_type=\"icon-box.default\">\n\t\t\t\t<div class=\"elementor-widget-container\">\n\t\t\t\t\t\t\t<div class=\"elementor-icon-box-wrapper\">\n\n\t\t\t\n\t\t\t\t\t\t<div class=\"elementor-icon-box-content\">\n\n\t\t\t\t\t\t\t\t\t<h3 class=\"elementor-icon-box-title\">\n\t\t\t\t\t\t<span  >\n\t\t\t\t\t\t\tSoluciones nativas de IA\t\t\t\t\t\t<\/span>\n\t\t\t\t\t<\/h3>\n\t\t\t\t\n\t\t\t\t\t\t\t\t\t<p class=\"elementor-icon-box-description\">\n\t\t\t\t\t\tOfrece las soluciones de IA internas de Cassava, incluidas las capacidades operativas, de red y de experiencia del cliente, lo que permite a los socios integrar casos de uso de IA probados que impulsan la eficiencia, la automatizaci\u00f3n y la monetizaci\u00f3n en entornos de telecomunicaciones, empresas y sector p\u00fablico a escala nacional de forma segura.\t\t\t\t\t<\/p>\n\t\t\t\t\n\t\t\t<\/div>\n\t\t\t\n\t\t<\/div>\n\t\t\t\t\t\t<\/div>\n\t\t\t\t<\/div>\n\t\t\t\t<div class=\"elementor-element elementor-element-3a1f065 elementor-widget__width-initial gradient-border2 elementor-invisible elementor-widget elementor-widget-icon-box\" data-id=\"3a1f065\" data-element_type=\"widget\" data-e-type=\"widget\" data-settings=\"{&quot;_animation&quot;:&quot;fadeInUp&quot;}\" data-widget_type=\"icon-box.default\">\n\t\t\t\t<div class=\"elementor-widget-container\">\n\t\t\t\t\t\t\t<div class=\"elementor-icon-box-wrapper\">\n\n\t\t\t\n\t\t\t\t\t\t<div class=\"elementor-icon-box-content\">\n\n\t\t\t\t\t\t\t\t\t<h3 class=\"elementor-icon-box-title\">\n\t\t\t\t\t\t<span  >\n\t\t\t\t\t\t\tPlataforma multimodelo CAIMEx\t\t\t\t\t\t<\/span>\n\t\t\t\t\t<\/h3>\n\t\t\t\t\n\t\t\t\t\t\t\t\t\t<p class=\"elementor-icon-box-description\">\n\t\t\t\t\t\tProporciona CAIMEx, una plataforma multimodelo localizada que ofrece acceso unificado a los principales modelos de IA globales y abiertos, gobernados a trav\u00e9s de f\u00e1bricas de IA regionales para garantizar la soberan\u00eda de los datos, el cumplimiento, el control de costes y un rendimiento coherente para la adopci\u00f3n empresarial a nivel local.\t\t\t\t\t<\/p>\n\t\t\t\t\n\t\t\t<\/div>\n\t\t\t\n\t\t<\/div>\n\t\t\t\t\t\t<\/div>\n\t\t\t\t<\/div>\n\t\t\t\t\t<\/div>\n\t\t\t\t<\/div>\n\t\t<div class=\"elementor-element elementor-element-f0e400a e-flex e-con-boxed elementor-invisible e-con e-parent\" data-id=\"f0e400a\" data-element_type=\"container\" data-e-type=\"container\" data-settings=\"{&quot;animation&quot;:&quot;fadeInUp&quot;}\">\n\t\t\t\t\t<div class=\"e-con-inner\">\n\t\t<div class=\"elementor-element elementor-element-903151f e-con-full gradient-border2 e-flex e-con e-child\" data-id=\"903151f\" data-element_type=\"container\" data-e-type=\"container\" data-settings=\"{&quot;background_background&quot;:&quot;gradient&quot;}\">\n\t\t\t\t<div class=\"elementor-element elementor-element-c3acbbb elementor-widget elementor-widget-heading\" data-id=\"c3acbbb\" data-element_type=\"widget\" data-e-type=\"widget\" data-widget_type=\"heading.default\">\n\t\t\t\t<div class=\"elementor-widget-container\">\n\t\t\t\t\t<h2 class=\"elementor-heading-title elementor-size-default\">Empezar<\/h2>\t\t\t\t<\/div>\n\t\t\t\t<\/div>\n\t\t\t\t<div class=\"elementor-element elementor-element-95a25f3 elementor-widget elementor-widget-text-editor\" data-id=\"95a25f3\" data-element_type=\"widget\" data-e-type=\"widget\" data-widget_type=\"text-editor.default\">\n\t\t\t\t<div class=\"elementor-widget-container\">\n\t\t\t\t\t\t\t\t\t<p>P\u00f3ngase en contacto con nosotros para analizar c\u00f3mo se aplican estos casos a su realidad local.<\/p>\t\t\t\t\t\t\t\t<\/div>\n\t\t\t\t<\/div>\n\t\t\t\t<div class=\"elementor-element elementor-element-afa4cbb elementor-widget elementor-widget-image\" data-id=\"afa4cbb\" data-element_type=\"widget\" data-e-type=\"widget\" data-widget_type=\"image.default\">\n\t\t\t\t<div class=\"elementor-widget-container\">\n\t\t\t\t\t\t\t\t\t\t\t\t\t\t\t\t<a href=\"https:\/\/www.cassava.ai\/es\/get-in-touch\/\">\n\t\t\t\t\t\t\t<img decoding=\"async\" width=\"800\" height=\"800\" src=\"https:\/\/www.cassava.ai\/wp-content\/uploads\/2024\/06\/ButtonGreen.svg\" class=\"elementor-animation-grow attachment-large size-large wp-image-602\" alt=\"Button Green\" srcset=\"https:\/\/www.cassava.ai\/wp-content\/uploads\/\/2024\/06\/ButtonGreen.svg 150w, https:\/\/www.cassava.ai\/wp-content\/uploads\/\/2024\/06\/ButtonGreen.svg 300w, https:\/\/www.cassava.ai\/wp-content\/uploads\/\/2024\/06\/ButtonGreen.svg 1024w\" sizes=\"(max-width: 800px) 100vw, 800px\" \/>\t\t\t\t\t\t\t\t<\/a>\n\t\t\t\t\t\t\t\t\t\t\t\t\t\t\t<\/div>\n\t\t\t\t<\/div>\n\t\t\t\t<\/div>\n\t\t\t\t\t<\/div>\n\t\t\t\t<\/div>\n\t\t\t\t<\/div>","protected":false},"excerpt":{"rendered":"<p>Cassava Cloud Partner Use cases for Telcos An exclusive programme that enables selected partners to consume and distribute technologies for which Cassava holds distribution rights. The programme packages Cassava&#8217;s AI capability stack into a resalable, channel\u2011ready product suite. For MNOs &amp; system integrators Mobile Network Operators The Cassava Cloud Partner (CCP) programme is designed for [&hellip;]<\/p>\n","protected":false},"author":1,"featured_media":0,"parent":0,"menu_order":0,"comment_status":"closed","ping_status":"closed","template":"","meta":{"footnotes":""},"class_list":["post-3745","page","type-page","status-publish","hentry"],"_links":{"self":[{"href":"https:\/\/www.cassava.ai\/es\/wp-json\/wp\/v2\/pages\/3745","targetHints":{"allow":["GET"]}}],"collection":[{"href":"https:\/\/www.cassava.ai\/es\/wp-json\/wp\/v2\/pages"}],"about":[{"href":"https:\/\/www.cassava.ai\/es\/wp-json\/wp\/v2\/types\/page"}],"author":[{"embeddable":true,"href":"https:\/\/www.cassava.ai\/es\/wp-json\/wp\/v2\/users\/1"}],"replies":[{"embeddable":true,"href":"https:\/\/www.cassava.ai\/es\/wp-json\/wp\/v2\/comments?post=3745"}],"version-history":[{"count":28,"href":"https:\/\/www.cassava.ai\/es\/wp-json\/wp\/v2\/pages\/3745\/revisions"}],"predecessor-version":[{"id":3884,"href":"https:\/\/www.cassava.ai\/es\/wp-json\/wp\/v2\/pages\/3745\/revisions\/3884"}],"wp:attachment":[{"href":"https:\/\/www.cassava.ai\/es\/wp-json\/wp\/v2\/media?parent=3745"}],"curies":[{"name":"wp","href":"https:\/\/api.w.org\/{rel}","templated":true}]}}