{"id":3042,"date":"2024-10-09T11:36:04","date_gmt":"2024-10-09T09:36:04","guid":{"rendered":"https:\/\/www.cassava.ai\/?page_id=3042"},"modified":"2024-10-14T14:09:13","modified_gmt":"2024-10-14T12:09:13","slug":"privacy","status":"publish","type":"page","link":"https:\/\/www.cassava.ai\/es\/privacy\/","title":{"rendered":"Privacidad"},"content":{"rendered":"<div data-elementor-type=\"wp-page\" data-elementor-id=\"3042\" class=\"elementor elementor-3042\" data-elementor-settings=\"{&quot;element_pack_global_tooltip_width&quot;:{&quot;unit&quot;:&quot;px&quot;,&quot;size&quot;:&quot;&quot;,&quot;sizes&quot;:[]},&quot;element_pack_global_tooltip_width_tablet&quot;:{&quot;unit&quot;:&quot;px&quot;,&quot;size&quot;:&quot;&quot;,&quot;sizes&quot;:[]},&quot;element_pack_global_tooltip_width_mobile&quot;:{&quot;unit&quot;:&quot;px&quot;,&quot;size&quot;:&quot;&quot;,&quot;sizes&quot;:[]},&quot;element_pack_global_tooltip_padding&quot;:{&quot;unit&quot;:&quot;px&quot;,&quot;top&quot;:&quot;&quot;,&quot;right&quot;:&quot;&quot;,&quot;bottom&quot;:&quot;&quot;,&quot;left&quot;:&quot;&quot;,&quot;isLinked&quot;:true},&quot;element_pack_global_tooltip_padding_tablet&quot;:{&quot;unit&quot;:&quot;px&quot;,&quot;top&quot;:&quot;&quot;,&quot;right&quot;:&quot;&quot;,&quot;bottom&quot;:&quot;&quot;,&quot;left&quot;:&quot;&quot;,&quot;isLinked&quot;:true},&quot;element_pack_global_tooltip_padding_mobile&quot;:{&quot;unit&quot;:&quot;px&quot;,&quot;top&quot;:&quot;&quot;,&quot;right&quot;:&quot;&quot;,&quot;bottom&quot;:&quot;&quot;,&quot;left&quot;:&quot;&quot;,&quot;isLinked&quot;:true},&quot;element_pack_global_tooltip_border_radius&quot;:{&quot;unit&quot;:&quot;px&quot;,&quot;top&quot;:&quot;&quot;,&quot;right&quot;:&quot;&quot;,&quot;bottom&quot;:&quot;&quot;,&quot;left&quot;:&quot;&quot;,&quot;isLinked&quot;:true},&quot;element_pack_global_tooltip_border_radius_tablet&quot;:{&quot;unit&quot;:&quot;px&quot;,&quot;top&quot;:&quot;&quot;,&quot;right&quot;:&quot;&quot;,&quot;bottom&quot;:&quot;&quot;,&quot;left&quot;:&quot;&quot;,&quot;isLinked&quot;:true},&quot;element_pack_global_tooltip_border_radius_mobile&quot;:{&quot;unit&quot;:&quot;px&quot;,&quot;top&quot;:&quot;&quot;,&quot;right&quot;:&quot;&quot;,&quot;bottom&quot;:&quot;&quot;,&quot;left&quot;:&quot;&quot;,&quot;isLinked&quot;:true}}\" data-elementor-post-type=\"page\">\n\t\t\t\t<div class=\"elementor-element elementor-element-0649007 e-flex e-con-boxed e-con e-parent\" data-id=\"0649007\" data-element_type=\"container\" data-e-type=\"container\" data-settings=\"{&quot;background_background&quot;:&quot;classic&quot;}\">\n\t\t\t\t\t<div class=\"e-con-inner\">\n\t\t<div class=\"elementor-element elementor-element-39b0724 e-con-full e-flex e-con e-child\" data-id=\"39b0724\" data-element_type=\"container\" data-e-type=\"container\" data-settings=\"{&quot;background_background&quot;:&quot;classic&quot;}\">\n\t\t\t\t<div class=\"elementor-element elementor-element-5c1f96a elementor-widget elementor-widget-heading\" data-id=\"5c1f96a\" data-element_type=\"widget\" data-e-type=\"widget\" data-widget_type=\"heading.default\">\n\t\t\t\t<div class=\"elementor-widget-container\">\n\t\t\t\t\t<h1 class=\"elementor-heading-title elementor-size-default\"><span class=\"gradient-text\">Pol\u00edtica de privacidad<\/span><br><\/h1>\t\t\t\t<\/div>\n\t\t\t\t<\/div>\n\t\t\t\t<div class=\"elementor-element elementor-element-dd91e13 elementor-widget elementor-widget-text-editor\" data-id=\"dd91e13\" data-element_type=\"widget\" data-e-type=\"widget\" data-widget_type=\"text-editor.default\">\n\t\t\t\t<div class=\"elementor-widget-container\">\n\t\t\t\t\t\t\t\t\t<p>Nos comprometemos a proteger su privacidad y a ser transparentes sobre el uso que hacemos de sus datos.<\/p><p>Este aviso establece la base sobre la que recogemos y procesamos sus datos personales a trav\u00e9s de su uso de nuestro sitio web, inscripci\u00f3n a eventos y\/o suscripci\u00f3n a boletines de noticias y otras actividades de marketing en l\u00ednea.<\/p>\t\t\t\t\t\t\t\t<\/div>\n\t\t\t\t<\/div>\n\t\t\t\t<\/div>\n\t\t<div class=\"elementor-element elementor-element-32ef06c e-con-full e-flex e-con e-child\" data-id=\"32ef06c\" data-element_type=\"container\" data-e-type=\"container\">\n\t\t\t\t<div class=\"elementor-element elementor-element-40a4e8d elementor-widget elementor-widget-image\" data-id=\"40a4e8d\" data-element_type=\"widget\" data-e-type=\"widget\" data-widget_type=\"image.default\">\n\t\t\t\t<div class=\"elementor-widget-container\">\n\t\t\t\t\t\t\t\t\t\t\t\t\t\t\t<img fetchpriority=\"high\" decoding=\"async\" width=\"600\" height=\"600\" src=\"https:\/\/www.cassava.ai\/wp-content\/uploads\/2024\/06\/retail.jpg\" class=\"attachment-large size-large wp-image-738\" alt=\"Multilingual Intelligent Chatbot Assistant\" srcset=\"https:\/\/www.cassava.ai\/wp-content\/uploads\/2024\/06\/retail.jpg 600w, https:\/\/www.cassava.ai\/wp-content\/uploads\/2024\/06\/retail-300x300.jpg 300w, https:\/\/www.cassava.ai\/wp-content\/uploads\/2024\/06\/retail-150x150.jpg 150w\" sizes=\"(max-width: 600px) 100vw, 600px\" \/>\t\t\t\t\t\t\t\t\t\t\t\t\t\t\t<\/div>\n\t\t\t\t<\/div>\n\t\t\t\t<\/div>\n\t\t\t\t\t<\/div>\n\t\t\t\t<\/div>\n\t\t<div class=\"elementor-element elementor-element-9e0d83b e-flex e-con-boxed e-con e-parent\" data-id=\"9e0d83b\" data-element_type=\"container\" data-e-type=\"container\" data-settings=\"{&quot;background_background&quot;:&quot;classic&quot;}\">\n\t\t\t\t\t<div class=\"e-con-inner\">\n\t\t\t\t<div class=\"elementor-element elementor-element-308c517 elementor-widget elementor-widget-image\" data-id=\"308c517\" data-element_type=\"widget\" data-e-type=\"widget\" data-widget_type=\"image.default\">\n\t\t\t\t<div class=\"elementor-widget-container\">\n\t\t\t\t\t\t\t\t\t\t\t\t\t\t\t<img decoding=\"async\" width=\"800\" height=\"800\" src=\"https:\/\/www.cassava.ai\/wp-content\/uploads\/2024\/07\/Cassava-Tech-Logo.svg\" class=\"attachment-large size-large wp-image-2765\" alt=\"Cassava Technologies\" srcset=\"https:\/\/www.cassava.ai\/wp-content\/uploads\/\/2024\/07\/Cassava-Tech-Logo.svg 150w, https:\/\/www.cassava.ai\/wp-content\/uploads\/\/2024\/07\/Cassava-Tech-Logo.svg 300w, https:\/\/www.cassava.ai\/wp-content\/uploads\/\/2024\/07\/Cassava-Tech-Logo.svg 1024w\" sizes=\"(max-width: 800px) 100vw, 800px\" \/>\t\t\t\t\t\t\t\t\t\t\t\t\t\t\t<\/div>\n\t\t\t\t<\/div>\n\t\t\t\t<div class=\"elementor-element elementor-element-b314ab0 elementor-widget elementor-widget-text-editor\" data-id=\"b314ab0\" data-element_type=\"widget\" data-e-type=\"widget\" data-widget_type=\"text-editor.default\">\n\t\t\t\t<div class=\"elementor-widget-container\">\n\t\t\t\t\t\t\t\t\t<p><strong>Informaci\u00f3n sobre nosotros<\/strong><\/p><p>El mantenimiento de este sitio web corre a cargo de Cassava Technologies. Cassava Technologies es el responsable del tratamiento de sus datos personales (denominados \"nosotros\", \"nos\", \"nuestro\" o \"Cassava Technologies\" en este aviso de privacidad). Si tiene alguna pregunta sobre este aviso de privacidad, el uso de su informaci\u00f3n personal o sus relaciones con nuestro sitio web puede ponerse en contacto con nosotros en\u00a0<\/p><p><strong>\u00bfQu\u00e9 tipo de informaci\u00f3n se recoge de usted?<\/strong><\/p><p>La informaci\u00f3n que recopilamos depende de sus interacciones con Cassava Technologies y de las elecciones que haga con nosotros, incluida su configuraci\u00f3n de privacidad. La informaci\u00f3n que recopilamos puede incluir lo siguiente:<\/p><p><strong>Informaci\u00f3n personal<\/strong><\/p><p>La informaci\u00f3n personal es aquella que le identifica como individuo o se refiere a un individuo identificable, incluyendo: nombre, cargo, nombre de la empresa, puesto de trabajo, direcci\u00f3n postal, n\u00famero de tel\u00e9fono o direcci\u00f3n de correo electr\u00f3nico. Si env\u00eda informaci\u00f3n personal en nombre de otras personas, deber\u00e1 contar con su autorizaci\u00f3n para hacerlo de conformidad con la presente Pol\u00edtica de Privacidad.<\/p><p><strong>Informaci\u00f3n adicional<\/strong><\/p><p>Otra informaci\u00f3n es cualquier informaci\u00f3n que no revele su identidad espec\u00edfica o que no est\u00e9 directamente relacionada con una persona identificable. Esto puede incluir, por ejemplo, informaci\u00f3n sobre el navegador y el dispositivo, informaci\u00f3n recopilada a trav\u00e9s de cookies, etiquetas de p\u00edxel y otras tecnolog\u00edas, informaci\u00f3n demogr\u00e1fica y otra informaci\u00f3n proporcionada por usted o informaci\u00f3n agregada.<\/p><p><strong>Informaci\u00f3n sobre la ubicaci\u00f3n<\/strong><\/p><p>Recopilamos informaci\u00f3n sobre su ubicaci\u00f3n imprecisa que incluye, por ejemplo, una ubicaci\u00f3n derivada de su direcci\u00f3n IP o datos que indican d\u00f3nde se encuentra con menos precisi\u00f3n, como a nivel de ciudad o c\u00f3digo postal. Su direcci\u00f3n IP es un n\u00famero que su proveedor de servicios de Internet (ISP) asigna autom\u00e1ticamente al ordenador que est\u00e1 utilizando. La recopilaci\u00f3n de direcciones IP es una pr\u00e1ctica habitual y la realizan autom\u00e1ticamente muchos sitios web, aplicaciones y otros servicios.<\/p><p><strong>C\u00f3mo recopilamos informaci\u00f3n sobre usted<\/strong><\/p><p>Podemos recabar informaci\u00f3n sobre usted de diversas formas, entre ellas:<\/p><ol><li><strong> Informaci\u00f3n personal.<\/strong><\/li><\/ol><ul><li><strong>A trav\u00e9s de nuestro sitio web:<\/strong>\u00a0Podemos recopilar Datos Personales a trav\u00e9s de nuestro sitio web, por ejemplo, cuando solicita un folleto de un producto, se inscribe en un evento, se pone en contacto con nosotros, se suscribe a nuestro bolet\u00edn de noticias o descarga contenidos (por ejemplo, libros blancos).<\/li><li><strong>Fuera de l\u00ednea:<\/strong>\u00a0Podemos recopilar Informaci\u00f3n Personal de usted fuera de l\u00ednea, como cuando asiste a uno de nuestros eventos, habla con nuestros representantes de ventas o se pone en contacto con nuestro servicio de atenci\u00f3n al cliente.<\/li><li><strong>Informaci\u00f3n de otras fuentes:<\/strong>\u00a0Con el fin de mejorar nuestra capacidad para proporcionarle marketing, ofertas y servicios relevantes, podemos obtener informaci\u00f3n sobre usted de otras fuentes, como bases de datos p\u00fablicas, socios de marketing conjunto y plataformas de medios sociales, as\u00ed como de otros terceros.<br \/><br \/><\/li><\/ul><ol start=\"2\"><li><strong> Otras informaciones.<\/strong><\/li><\/ol><ul><li><strong>A trav\u00e9s de su navegador o dispositivo:<\/strong>\u00a0Cierta informaci\u00f3n es recogida por la mayor\u00eda de los navegadores o autom\u00e1ticamente a trav\u00e9s de su dispositivo, como la resoluci\u00f3n de su pantalla, el nombre y versi\u00f3n de su sistema operativo, el fabricante y modelo de su dispositivo, el idioma, el tipo y versi\u00f3n de su navegador de Internet.<\/li><li><strong>A trav\u00e9s de cookies y otras tecnolog\u00edas similares:<\/strong>\u00a0Como muchos otros sitios web, el de Cassava Technologies utiliza cookies. Las cookies son peque\u00f1as piezas de informaci\u00f3n que una organizaci\u00f3n env\u00eda a su ordenador y almacena en su disco duro para permitir que ese sitio web le reconozca cuando lo visita. Recopilan datos estad\u00edsticos sobre sus acciones y patrones de navegaci\u00f3n y no le identifican como individuo.<br \/><br \/><\/li><\/ul><p><strong>C\u00f3mo controlar las cookies<\/strong><\/p><p>Es posible desactivar las cookies configurando las preferencias de su navegador. La desactivaci\u00f3n de las cookies puede provocar una p\u00e9rdida de funcionalidad al utilizar nuestro sitio web.<\/p><p>Por favor, revise nuestra Pol\u00edtica de Cookies para m\u00e1s informaci\u00f3n.<\/p><p><strong>Nuestro uso de balizas web y servicios anal\u00edticos<\/strong><\/p><p>Las p\u00e1ginas web de Cassava Technologies pueden contener im\u00e1genes electr\u00f3nicas conocidas como balizas web (tambi\u00e9n denominadas gifs de p\u00edxel \u00fanico) que utilizamos para ayudar a entregar cookies en nuestros sitios web, contar los usuarios que han visitado esos sitios web y entregar productos de marca compartida. Tambi\u00e9n incluimos balizas web en nuestros mensajes promocionales por correo electr\u00f3nico o boletines informativos para determinar si usted los abre y act\u00faa en consecuencia.<\/p><p><strong>Para qu\u00e9 utilizamos sus datos personales<\/strong><\/p><p>La ley de protecci\u00f3n de datos de Jersey nos permite recopilar, utilizar, almacenar y transferir informaci\u00f3n personal si tenemos uno o m\u00e1s de los siguientes prop\u00f3sitos para hacerlo:<\/p><ul><li>Para cumplir un contrato con usted; o<\/li><li>Cuando sea necesario para cumplir una obligaci\u00f3n legal o reglamentaria; o<\/li><li>Cuando sea necesario para nuestros intereses leg\u00edtimos (siempre que sus intereses y derechos fundamentales no prevalezcan sobre estos intereses); o<\/li><li>Por otros motivos, cuando usted haya dado su consentimiento expreso para ello.<\/li><\/ul><p>Utilizaremos la informaci\u00f3n que nos proporcione de forma que se ajuste a la Ley de Protecci\u00f3n de Datos (Jersey) de 2018<\/p><p>A continuaci\u00f3n se indican las formas en que utilizaremos sus datos personales para cumplir su contrato y\/o para nuestros intereses leg\u00edtimos:<\/p><p><strong>C\u00f3mo utilizamos su informaci\u00f3n personal<\/strong><\/p><p>Podemos utilizar su informaci\u00f3n para:<\/p><ul><li>Enviarle informaci\u00f3n que haya solicitado y que pueda ser de su inter\u00e9s. Puede tratarse de informaci\u00f3n sobre Cassava Technologies, los productos y servicios que ofrecemos o promociones de bienes y servicios de nuestras empresas asociadas.<\/li><li>Enviarle informaci\u00f3n administrativa, como notificarle cambios en nuestros servicios, t\u00e9rminos, condiciones y pol\u00edticas.<\/li><li>Para personalizar su experiencia en el sitio web present\u00e1ndole productos y ofertas adaptados a usted.<\/li><li>Para recabar sus opiniones o comentarios sobre los servicios que prestamos;<\/li><li>Para mostrarle anuncios personalizados de productos y servicios en Google, LinkedIn, Twitter y Facebook. Los anuncios que ve pueden seleccionarse en funci\u00f3n de la informaci\u00f3n que procesamos sobre usted, como su ubicaci\u00f3n o el contenido que ve. Por ejemplo, si ve contenido en nuestro sitio web sobre la Nube, podemos mostrarle anuncios sobre Office 365. Le pedimos su consentimiento para este tipo de marketing directo cuando se registra en Cassava Technologies.<br \/><br \/><\/li><\/ul><p><strong>\u00bfQui\u00e9n tiene acceso a su informaci\u00f3n?<\/strong><\/p><p>No venderemos ni alquilaremos su informaci\u00f3n a terceros.<\/p><p>No compartiremos su informaci\u00f3n con terceros para sus fines comerciales.<\/p><p>Terceros proveedores de servicios que trabajan en nuestro nombre: Compartimos datos personales entre las filiales y subsidiarias controladas por Cassava Technologies. Tambi\u00e9n compartimos datos personales con proveedores o agentes que trabajan en nuestro nombre para los fines descritos en esta declaraci\u00f3n. Por ejemplo, las empresas que hemos contratado para prestar servicios de atenci\u00f3n al cliente o ayudar en la limpieza de datos pueden necesitar acceder a datos personales para desempe\u00f1ar esas funciones. Exigimos a todos los terceros contratados por nosotros que respeten la seguridad de sus datos personales y los traten de acuerdo con la ley. Dichos terceros s\u00f3lo est\u00e1n autorizados a tratar sus datos personales de acuerdo con nuestras instrucciones, y no para sus propios fines.<\/p><p><strong>C\u00f3mo acceder a su informaci\u00f3n personal y controlarla<\/strong><\/p><p>Si desea acceder a su informaci\u00f3n personal o eliminarla, p\u00f3ngase en contacto con Cassava Technologies enviando un correo electr\u00f3nico a\u00a0<a href=\"mailto:privacy@cassavatechnologies.com\">privacy@cassavatechnologies.com<\/a>. Responderemos a su solicitud en un plazo de 30 d\u00edas.<\/p><p><strong>\u00bfQu\u00e9 opciones tengo?<\/strong><\/p><p>Usted puede elegir si desea o no recibir informaci\u00f3n nuestra. Si no desea recibir comunicaciones comerciales directas de nuestra parte sobre la empresa o nuestros productos y servicios, puede elegir su opci\u00f3n marcando las casillas correspondientes situadas en el formulario en el que recopilamos su informaci\u00f3n.<\/p><p>Si recibe correos electr\u00f3nicos promocionales nuestros y no est\u00e1 de acuerdo con ello, puede notific\u00e1rnoslo siguiendo las instrucciones de dicho mensaje (por ejemplo, la opci\u00f3n de darse de baja en el pie de p\u00e1gina). Esta opci\u00f3n no se aplica a las comunicaciones de servicio obligatorias que forman parte de determinados servicios de Cassava Technologies, ni a las encuestas u otras comunicaciones informativas que tienen su propio m\u00e9todo para darse de baja.<\/p><p><strong>Transferencia internacional de informaci\u00f3n<\/strong><\/p><p>Los datos que recabamos de usted pueden ser transferidos y almacenados en un destino fuera del Espacio Econ\u00f3mico Europeo (\"EEE\") para trabajar con miembros del Grupo Cassava Technologies y terceros, a los que recurrimos para que nos ayuden a llevar a cabo los fines antes mencionados o para cumplir con una obligaci\u00f3n legal. Siempre que transfiramos sus datos personales fuera del EEE, nos aseguraremos de que se les proporciona un nivel de protecci\u00f3n adecuado mediante el uso de cl\u00e1usulas contractuales con los destinatarios que impliquen que deben proteger sus datos personales con el mismo nivel de protecci\u00f3n que tienen en el EEE.<\/p><p><strong>Cu\u00e1nto tiempo conservamos sus datos personales<\/strong><\/p><p>Conservaremos su informaci\u00f3n personal en nuestros sistemas durante el tiempo que sea necesario para la actividad correspondiente, o durante el tiempo establecido en cualquier contrato pertinente que tenga con nosotros. Posteriormente, podremos conservarlos durante m\u00e1s tiempo para responder a cualquier pregunta o reclamaci\u00f3n y para mantener los registros necesarios para cumplir los requisitos legales, contables o de elaboraci\u00f3n de informes. Tambi\u00e9n podemos conservar sus datos con fines estad\u00edsticos o de investigaci\u00f3n.<\/p><p><strong>Sus derechos<\/strong><\/p><p>Tiene derecho a acceder a sus datos personales, rectificarlos o solicitar su supresi\u00f3n, as\u00ed como a solicitar la transferencia de los mismos a usted o a un tercero. Puede oponerse al tratamiento de sus datos cuando nos basemos en un inter\u00e9s leg\u00edtimo y pedirnos que restrinjamos dicho tratamiento. Cuando nos basemos en su consentimiento para el tratamiento (como en el caso de la mercadotecnia directa), podr\u00e1 retirarlo en cualquier momento.<\/p><p>Es posible que necesitemos solicitarle informaci\u00f3n espec\u00edfica que nos ayude a confirmar su identidad y garantizar su derecho a acceder a sus datos personales (o a ejercer cualquiera de sus otros derechos). Se trata de una medida de seguridad para garantizar que los datos personales no se revelen a ninguna persona que no tenga derecho a recibirlos. Tambi\u00e9n podemos ponernos en contacto con usted para pedirle m\u00e1s informaci\u00f3n en relaci\u00f3n con su solicitud, con el fin de agilizar nuestra respuesta.<\/p><p>Tiene derecho a presentar una reclamaci\u00f3n en cualquier momento ante la Oficina del Comisario de Informaci\u00f3n de Jersey (JOIC), la autoridad de control de Jersey para cuestiones de protecci\u00f3n de datos (https:\/\/jerseyoic.org). No obstante, le agradecer\u00edamos que nos diera la oportunidad de tratar cualquier duda que pueda tener antes de dirigirse a la JOIC, por lo que le rogamos que se ponga en contacto con nosotros en primera instancia.<\/p><p>Si tiene alguna pregunta o necesita m\u00e1s informaci\u00f3n, p\u00f3ngase en contacto con nosotros en\u00a0<a href=\"mailto:privacy@cassavatechnologies.com\">privacy@cassavatechnologies.com<\/a><\/p>\t\t\t\t\t\t\t\t<\/div>\n\t\t\t\t<\/div>\n\t\t\t\t\t<\/div>\n\t\t\t\t<\/div>\n\t\t\t\t<\/div>","protected":false},"excerpt":{"rendered":"<p>Privacy Policy We are committed to protecting your privacy and being transparent about how we use your data. This notice sets out the basis on which we collect and process your personal data through your use of our website, registration for events and\/or signing up for newsletters and other marketing activities online. Information about us [&hellip;]<\/p>\n","protected":false},"author":1,"featured_media":0,"parent":0,"menu_order":0,"comment_status":"closed","ping_status":"closed","template":"","meta":{"footnotes":""},"class_list":["post-3042","page","type-page","status-publish","hentry"],"_links":{"self":[{"href":"https:\/\/www.cassava.ai\/es\/wp-json\/wp\/v2\/pages\/3042","targetHints":{"allow":["GET"]}}],"collection":[{"href":"https:\/\/www.cassava.ai\/es\/wp-json\/wp\/v2\/pages"}],"about":[{"href":"https:\/\/www.cassava.ai\/es\/wp-json\/wp\/v2\/types\/page"}],"author":[{"embeddable":true,"href":"https:\/\/www.cassava.ai\/es\/wp-json\/wp\/v2\/users\/1"}],"replies":[{"embeddable":true,"href":"https:\/\/www.cassava.ai\/es\/wp-json\/wp\/v2\/comments?post=3042"}],"version-history":[{"count":7,"href":"https:\/\/www.cassava.ai\/es\/wp-json\/wp\/v2\/pages\/3042\/revisions"}],"predecessor-version":[{"id":3049,"href":"https:\/\/www.cassava.ai\/es\/wp-json\/wp\/v2\/pages\/3042\/revisions\/3049"}],"wp:attachment":[{"href":"https:\/\/www.cassava.ai\/es\/wp-json\/wp\/v2\/media?parent=3042"}],"curies":[{"name":"wp","href":"https:\/\/api.w.org\/{rel}","templated":true}]}}