{"id":1069,"date":"2024-06-26T10:55:13","date_gmt":"2024-06-26T08:55:13","guid":{"rendered":"https:\/\/ppd.cassavatechnologies.ai\/?page_id=1069"},"modified":"2024-10-14T14:19:58","modified_gmt":"2024-10-14T12:19:58","slug":"ecochat-ai","status":"publish","type":"page","link":"https:\/\/www.cassava.ai\/es\/ecochat-ai\/","title":{"rendered":"Cliente EcoChat AI"},"content":{"rendered":"<div data-elementor-type=\"wp-page\" data-elementor-id=\"1069\" class=\"elementor elementor-1069\" data-elementor-settings=\"{&quot;element_pack_global_tooltip_width&quot;:{&quot;unit&quot;:&quot;px&quot;,&quot;size&quot;:&quot;&quot;,&quot;sizes&quot;:[]},&quot;element_pack_global_tooltip_width_tablet&quot;:{&quot;unit&quot;:&quot;px&quot;,&quot;size&quot;:&quot;&quot;,&quot;sizes&quot;:[]},&quot;element_pack_global_tooltip_width_mobile&quot;:{&quot;unit&quot;:&quot;px&quot;,&quot;size&quot;:&quot;&quot;,&quot;sizes&quot;:[]},&quot;element_pack_global_tooltip_padding&quot;:{&quot;unit&quot;:&quot;px&quot;,&quot;top&quot;:&quot;&quot;,&quot;right&quot;:&quot;&quot;,&quot;bottom&quot;:&quot;&quot;,&quot;left&quot;:&quot;&quot;,&quot;isLinked&quot;:true},&quot;element_pack_global_tooltip_padding_tablet&quot;:{&quot;unit&quot;:&quot;px&quot;,&quot;top&quot;:&quot;&quot;,&quot;right&quot;:&quot;&quot;,&quot;bottom&quot;:&quot;&quot;,&quot;left&quot;:&quot;&quot;,&quot;isLinked&quot;:true},&quot;element_pack_global_tooltip_padding_mobile&quot;:{&quot;unit&quot;:&quot;px&quot;,&quot;top&quot;:&quot;&quot;,&quot;right&quot;:&quot;&quot;,&quot;bottom&quot;:&quot;&quot;,&quot;left&quot;:&quot;&quot;,&quot;isLinked&quot;:true},&quot;element_pack_global_tooltip_border_radius&quot;:{&quot;unit&quot;:&quot;px&quot;,&quot;top&quot;:&quot;&quot;,&quot;right&quot;:&quot;&quot;,&quot;bottom&quot;:&quot;&quot;,&quot;left&quot;:&quot;&quot;,&quot;isLinked&quot;:true},&quot;element_pack_global_tooltip_border_radius_tablet&quot;:{&quot;unit&quot;:&quot;px&quot;,&quot;top&quot;:&quot;&quot;,&quot;right&quot;:&quot;&quot;,&quot;bottom&quot;:&quot;&quot;,&quot;left&quot;:&quot;&quot;,&quot;isLinked&quot;:true},&quot;element_pack_global_tooltip_border_radius_mobile&quot;:{&quot;unit&quot;:&quot;px&quot;,&quot;top&quot;:&quot;&quot;,&quot;right&quot;:&quot;&quot;,&quot;bottom&quot;:&quot;&quot;,&quot;left&quot;:&quot;&quot;,&quot;isLinked&quot;:true}}\" data-elementor-post-type=\"page\">\n\t\t\t\t<div class=\"elementor-element elementor-element-0649007 e-flex e-con-boxed e-con e-parent\" data-id=\"0649007\" data-element_type=\"container\" data-e-type=\"container\" data-settings=\"{&quot;background_background&quot;:&quot;classic&quot;}\">\n\t\t\t\t\t<div class=\"e-con-inner\">\n\t\t<div class=\"elementor-element elementor-element-32ef06c e-con-full e-flex e-con e-child\" data-id=\"32ef06c\" data-element_type=\"container\" data-e-type=\"container\">\n\t\t\t\t<div class=\"elementor-element elementor-element-40a4e8d elementor-widget elementor-widget-image\" data-id=\"40a4e8d\" data-element_type=\"widget\" data-e-type=\"widget\" data-widget_type=\"image.default\">\n\t\t\t\t<div class=\"elementor-widget-container\">\n\t\t\t\t\t\t\t\t\t\t\t\t\t\t\t<img fetchpriority=\"high\" decoding=\"async\" width=\"600\" height=\"600\" src=\"https:\/\/www.cassava.ai\/wp-content\/uploads\/2024\/07\/Customer_support_crop.jpg\" class=\"attachment-large size-large wp-image-1807\" alt=\"Learning Paths\" srcset=\"https:\/\/www.cassava.ai\/wp-content\/uploads\/2024\/07\/Customer_support_crop.jpg 600w, https:\/\/www.cassava.ai\/wp-content\/uploads\/2024\/07\/Customer_support_crop-300x300.jpg 300w, https:\/\/www.cassava.ai\/wp-content\/uploads\/2024\/07\/Customer_support_crop-150x150.jpg 150w\" sizes=\"(max-width: 600px) 100vw, 600px\" \/>\t\t\t\t\t\t\t\t\t\t\t\t\t\t\t<\/div>\n\t\t\t\t<\/div>\n\t\t\t\t<\/div>\n\t\t<div class=\"elementor-element elementor-element-39b0724 e-con-full e-flex e-con e-child\" data-id=\"39b0724\" data-element_type=\"container\" data-e-type=\"container\" data-settings=\"{&quot;background_background&quot;:&quot;classic&quot;}\">\n\t\t\t\t<div class=\"elementor-element elementor-element-5c1f96a elementor-widget elementor-widget-heading\" data-id=\"5c1f96a\" data-element_type=\"widget\" data-e-type=\"widget\" data-widget_type=\"heading.default\">\n\t\t\t\t<div class=\"elementor-widget-container\">\n\t\t\t\t\t<h1 class=\"elementor-heading-title elementor-size-default\"><span class=\"gradient-text\">EcoChat AI<\/span><\/h1>\t\t\t\t<\/div>\n\t\t\t\t<\/div>\n\t\t\t\t<div class=\"elementor-element elementor-element-65fba89 elementor-widget elementor-widget-heading\" data-id=\"65fba89\" data-element_type=\"widget\" data-e-type=\"widget\" data-widget_type=\"heading.default\">\n\t\t\t\t<div class=\"elementor-widget-container\">\n\t\t\t\t\t<h2 class=\"elementor-heading-title elementor-size-default\">Reimagina el servicio inteligente al cliente<\/h2>\t\t\t\t<\/div>\n\t\t\t\t<\/div>\n\t\t\t\t<\/div>\n\t\t\t\t\t<\/div>\n\t\t\t\t<\/div>\n\t\t<div class=\"elementor-element elementor-element-9208ab5 e-flex e-con-boxed e-con e-parent\" data-id=\"9208ab5\" data-element_type=\"container\" data-e-type=\"container\">\n\t\t\t\t\t<div class=\"e-con-inner\">\n\t\t\t\t<div class=\"elementor-element elementor-element-1bd5b54 elementor-widget elementor-widget-text-editor\" data-id=\"1bd5b54\" data-element_type=\"widget\" data-e-type=\"widget\" data-widget_type=\"text-editor.default\">\n\t\t\t\t<div class=\"elementor-widget-container\">\n\t\t\t\t\t\t\t\t\t<p>Las empresas quieren herramientas que apoyen el servicio al cliente y creen fidelidad, pero a menudo los chatbots no satisfacen del todo esta necesidad. La escasa velocidad, la informaci\u00f3n limitada y la falta de diversidad ling\u00fc\u00edstica pueden afectar a la forma en que los clientes interact\u00faan con una soluci\u00f3n de chatbot. <a href=\"https:\/\/www.cassava.ai\/es\/2024\/08\/01\/cassava-technologies-launches-its-own-ai-business-unit-cassava-ai\/\">Yuca AI<\/a> desarroll\u00f3 la soluci\u00f3n EcoChat AI para Econet, una plataforma de chat inteligente que ofrece respuestas inteligentes a casi cualquier pregunta.<\/p>\t\t\t\t\t\t\t\t<\/div>\n\t\t\t\t<\/div>\n\t\t\t\t\t<\/div>\n\t\t\t\t<\/div>\n\t\t<div class=\"elementor-element elementor-element-9e0d83b e-flex e-con-boxed e-con e-parent\" data-id=\"9e0d83b\" data-element_type=\"container\" data-e-type=\"container\" data-settings=\"{&quot;background_background&quot;:&quot;classic&quot;}\">\n\t\t\t\t\t<div class=\"e-con-inner\">\n\t\t\t\t<div class=\"elementor-element elementor-element-881b86f elementor-widget elementor-widget-heading\" data-id=\"881b86f\" data-element_type=\"widget\" data-e-type=\"widget\" data-widget_type=\"heading.default\">\n\t\t\t\t<div class=\"elementor-widget-container\">\n\t\t\t\t\t<h2 class=\"elementor-heading-title elementor-size-default\">Soluci\u00f3n<\/h2>\t\t\t\t<\/div>\n\t\t\t\t<\/div>\n\t\t\t\t<div class=\"elementor-element elementor-element-adc2d1e elementor-widget elementor-widget-heading\" data-id=\"adc2d1e\" data-element_type=\"widget\" data-e-type=\"widget\" data-widget_type=\"heading.default\">\n\t\t\t\t<div class=\"elementor-widget-container\">\n\t\t\t\t\t<h2 class=\"elementor-heading-title elementor-size-default\">La innovaci\u00f3n impulsada por OpenAI<\/h2>\t\t\t\t<\/div>\n\t\t\t\t<\/div>\n\t\t<div class=\"elementor-element elementor-element-7cbddde e-con-full e-flex e-con e-child\" data-id=\"7cbddde\" data-element_type=\"container\" data-e-type=\"container\">\n\t\t<div class=\"elementor-element elementor-element-364048f e-con-full e-flex e-con e-child\" data-id=\"364048f\" data-element_type=\"container\" data-e-type=\"container\">\n\t\t\t\t<div class=\"elementor-element elementor-element-8cac961 elementor-widget elementor-widget-image\" data-id=\"8cac961\" data-element_type=\"widget\" data-e-type=\"widget\" data-widget_type=\"image.default\">\n\t\t\t\t<div class=\"elementor-widget-container\">\n\t\t\t\t\t\t\t\t\t\t\t\t\t\t\t<img decoding=\"async\" width=\"714\" height=\"156\" src=\"https:\/\/www.cassava.ai\/wp-content\/uploads\/2024\/07\/EcoChat.png\" class=\"attachment-large size-large wp-image-1691\" alt=\"EcoChat AI\" srcset=\"https:\/\/www.cassava.ai\/wp-content\/uploads\/2024\/07\/EcoChat.png 714w, https:\/\/www.cassava.ai\/wp-content\/uploads\/2024\/07\/EcoChat-300x66.png 300w\" sizes=\"(max-width: 714px) 100vw, 714px\" \/>\t\t\t\t\t\t\t\t\t\t\t\t\t\t\t<\/div>\n\t\t\t\t<\/div>\n\t\t\t\t<div class=\"elementor-element elementor-element-b314ab0 elementor-widget elementor-widget-text-editor\" data-id=\"b314ab0\" data-element_type=\"widget\" data-e-type=\"widget\" data-widget_type=\"text-editor.default\">\n\t\t\t\t<div class=\"elementor-widget-container\">\n\t\t\t\t\t\t\t\t\t<p>EcoChat es un <a href=\"https:\/\/openai.com\/\" target=\"_blank\" rel=\"noopener\">OpenAI<\/a> configurada con la API ChatGPT para proporcionar interacciones fluidas con los usuarios a trav\u00e9s de canales de voz, SMS, USSD, portales web y aplicaciones. Mediante el aprendizaje por refuerzo a partir de comentarios humanos (RLHF), registra los resultados deseados de los expertos y los clasifica para afinar las respuestas.<\/p><p>Las principales ventajas de EcoChat son:<\/p>\t\t\t\t\t\t\t\t<\/div>\n\t\t\t\t<\/div>\n\t\t\t\t<\/div>\n\t\t<div class=\"elementor-element elementor-element-a685487 e-con-full e-flex e-con e-child\" data-id=\"a685487\" data-element_type=\"container\" data-e-type=\"container\">\n\t\t\t\t<div class=\"elementor-element elementor-element-2217d43 elementor-widget__width-inherit elementor-position-inline-start elementor-mobile-position-inline-start elementor-view-default elementor-widget elementor-widget-icon-box\" data-id=\"2217d43\" data-element_type=\"widget\" data-e-type=\"widget\" data-widget_type=\"icon-box.default\">\n\t\t\t\t<div class=\"elementor-widget-container\">\n\t\t\t\t\t\t\t<div class=\"elementor-icon-box-wrapper\">\n\n\t\t\t\t\t\t<div class=\"elementor-icon-box-icon\">\n\t\t\t\t<span  class=\"elementor-icon\">\n\t\t\t\t<svg xmlns=\"http:\/\/www.w3.org\/2000\/svg\" xmlns:xlink=\"http:\/\/www.w3.org\/1999\/xlink\" id=\"Layer_2\" width=\"112.25\" height=\"98.98\" viewbox=\"0 0 112.25 98.98\"><defs><lineargradient id=\"linear-gradient\" x1=\"55.16\" y1=\"50.51\" x2=\"112.25\" y2=\"50.51\" gradienttransform=\"translate(0 100) scale(1 -1)\" gradientunits=\"userSpaceOnUse\"><stop offset=\"0\" stop-color=\"#00f493\"><\/stop><stop offset=\".1\" stop-color=\"#08ea97\"><\/stop><stop offset=\".26\" stop-color=\"#1ed1a4\"><\/stop><stop offset=\".47\" stop-color=\"#43a7ba\"><\/stop><stop offset=\".71\" stop-color=\"#766ed7\"><\/stop><stop offset=\".85\" stop-color=\"#964bea\"><\/stop><\/lineargradient><lineargradient id=\"linear-gradient-2\" x1=\".06\" y1=\"74.08\" x2=\"85.84\" y2=\"74.08\" xlink:href=\"#linear-gradient\"><\/lineargradient><lineargradient id=\"linear-gradient-3\" x1=\"0\" y1=\"26.99\" x2=\"85.89\" y2=\"26.99\" xlink:href=\"#linear-gradient\"><\/lineargradient><\/defs><g id=\"Layer_2-2\"><g id=\"Layer_1-2\"><path d=\"M110.45,49.68l-26.73,46.3-26.83-46.46L83.75,3l26.72,46.29-.06.1c-.06.1-.03.2.04.29Z\" fill=\"none\" stroke=\"url(#linear-gradient)\" stroke-miterlimit=\"10\" stroke-width=\"3\"><\/path><polygon points=\"29.5 2.68 83.24 2.68 56.4 49.17 2.66 49.17 29.5 2.68\" fill=\"none\" stroke=\"url(#linear-gradient-2)\" stroke-miterlimit=\"10\" stroke-width=\"3\"><\/polygon><polygon points=\"2.6 49.71 56.38 49.71 83.29 96.31 29.5 96.31 2.6 49.71\" fill=\"none\" stroke=\"url(#linear-gradient-3)\" stroke-miterlimit=\"10\" stroke-width=\"3\"><\/polygon><\/g><\/g><\/svg>\t\t\t\t<\/span>\n\t\t\t<\/div>\n\t\t\t\n\t\t\t\t\t\t<div class=\"elementor-icon-box-content\">\n\n\t\t\t\t\n\t\t\t\t\t\t\t\t\t<p class=\"elementor-icon-box-description\">\n\t\t\t\t\t\tOfrece resultados relevantes para las necesidades y preguntas de los usuarios, y los clientes de terminales grises pueden acceder a contenidos en l\u00ednea mediante c\u00f3digos USSD.\t\t\t\t\t<\/p>\n\t\t\t\t\n\t\t\t<\/div>\n\t\t\t\n\t\t<\/div>\n\t\t\t\t\t\t<\/div>\n\t\t\t\t<\/div>\n\t\t\t\t<div class=\"elementor-element elementor-element-4823b3e elementor-widget__width-inherit elementor-position-inline-start elementor-mobile-position-inline-start elementor-view-default elementor-widget elementor-widget-icon-box\" data-id=\"4823b3e\" data-element_type=\"widget\" data-e-type=\"widget\" data-widget_type=\"icon-box.default\">\n\t\t\t\t<div class=\"elementor-widget-container\">\n\t\t\t\t\t\t\t<div class=\"elementor-icon-box-wrapper\">\n\n\t\t\t\t\t\t<div class=\"elementor-icon-box-icon\">\n\t\t\t\t<span  class=\"elementor-icon\">\n\t\t\t\t<svg xmlns=\"http:\/\/www.w3.org\/2000\/svg\" xmlns:xlink=\"http:\/\/www.w3.org\/1999\/xlink\" id=\"Layer_2\" width=\"112.25\" height=\"98.98\" viewbox=\"0 0 112.25 98.98\"><defs><lineargradient id=\"linear-gradient\" x1=\"55.16\" y1=\"50.51\" x2=\"112.25\" y2=\"50.51\" gradienttransform=\"translate(0 100) scale(1 -1)\" gradientunits=\"userSpaceOnUse\"><stop offset=\"0\" stop-color=\"#00f493\"><\/stop><stop offset=\".1\" stop-color=\"#08ea97\"><\/stop><stop offset=\".26\" stop-color=\"#1ed1a4\"><\/stop><stop offset=\".47\" stop-color=\"#43a7ba\"><\/stop><stop offset=\".71\" stop-color=\"#766ed7\"><\/stop><stop offset=\".85\" stop-color=\"#964bea\"><\/stop><\/lineargradient><lineargradient id=\"linear-gradient-2\" x1=\".06\" y1=\"74.08\" x2=\"85.84\" y2=\"74.08\" xlink:href=\"#linear-gradient\"><\/lineargradient><lineargradient id=\"linear-gradient-3\" x1=\"0\" y1=\"26.99\" x2=\"85.89\" y2=\"26.99\" xlink:href=\"#linear-gradient\"><\/lineargradient><\/defs><g id=\"Layer_2-2\"><g id=\"Layer_1-2\"><path d=\"M110.45,49.68l-26.73,46.3-26.83-46.46L83.75,3l26.72,46.29-.06.1c-.06.1-.03.2.04.29Z\" fill=\"none\" stroke=\"url(#linear-gradient)\" stroke-miterlimit=\"10\" stroke-width=\"3\"><\/path><polygon points=\"29.5 2.68 83.24 2.68 56.4 49.17 2.66 49.17 29.5 2.68\" fill=\"none\" stroke=\"url(#linear-gradient-2)\" stroke-miterlimit=\"10\" stroke-width=\"3\"><\/polygon><polygon points=\"2.6 49.71 56.38 49.71 83.29 96.31 29.5 96.31 2.6 49.71\" fill=\"none\" stroke=\"url(#linear-gradient-3)\" stroke-miterlimit=\"10\" stroke-width=\"3\"><\/polygon><\/g><\/g><\/svg>\t\t\t\t<\/span>\n\t\t\t<\/div>\n\t\t\t\n\t\t\t\t\t\t<div class=\"elementor-icon-box-content\">\n\n\t\t\t\t\n\t\t\t\t\t\t\t\t\t<p class=\"elementor-icon-box-description\">\n\t\t\t\t\t\tProporciona una ventaja sobre los motores de servicio tradicionales con la Ecochatabilidad para proporcionar informaci\u00f3n contextualizada y procesada.\t\t\t\t\t<\/p>\n\t\t\t\t\n\t\t\t<\/div>\n\t\t\t\n\t\t<\/div>\n\t\t\t\t\t\t<\/div>\n\t\t\t\t<\/div>\n\t\t\t\t<div class=\"elementor-element elementor-element-2c86260 elementor-widget__width-inherit elementor-position-inline-start elementor-mobile-position-inline-start elementor-view-default elementor-widget elementor-widget-icon-box\" data-id=\"2c86260\" data-element_type=\"widget\" data-e-type=\"widget\" data-widget_type=\"icon-box.default\">\n\t\t\t\t<div class=\"elementor-widget-container\">\n\t\t\t\t\t\t\t<div class=\"elementor-icon-box-wrapper\">\n\n\t\t\t\t\t\t<div class=\"elementor-icon-box-icon\">\n\t\t\t\t<span  class=\"elementor-icon\">\n\t\t\t\t<svg xmlns=\"http:\/\/www.w3.org\/2000\/svg\" xmlns:xlink=\"http:\/\/www.w3.org\/1999\/xlink\" id=\"Layer_2\" width=\"112.25\" height=\"98.98\" viewbox=\"0 0 112.25 98.98\"><defs><lineargradient id=\"linear-gradient\" x1=\"55.16\" y1=\"50.51\" x2=\"112.25\" y2=\"50.51\" gradienttransform=\"translate(0 100) scale(1 -1)\" gradientunits=\"userSpaceOnUse\"><stop offset=\"0\" stop-color=\"#00f493\"><\/stop><stop offset=\".1\" stop-color=\"#08ea97\"><\/stop><stop offset=\".26\" stop-color=\"#1ed1a4\"><\/stop><stop offset=\".47\" stop-color=\"#43a7ba\"><\/stop><stop offset=\".71\" stop-color=\"#766ed7\"><\/stop><stop offset=\".85\" stop-color=\"#964bea\"><\/stop><\/lineargradient><lineargradient id=\"linear-gradient-2\" x1=\".06\" y1=\"74.08\" x2=\"85.84\" y2=\"74.08\" xlink:href=\"#linear-gradient\"><\/lineargradient><lineargradient id=\"linear-gradient-3\" x1=\"0\" y1=\"26.99\" x2=\"85.89\" y2=\"26.99\" xlink:href=\"#linear-gradient\"><\/lineargradient><\/defs><g id=\"Layer_2-2\"><g id=\"Layer_1-2\"><path d=\"M110.45,49.68l-26.73,46.3-26.83-46.46L83.75,3l26.72,46.29-.06.1c-.06.1-.03.2.04.29Z\" fill=\"none\" stroke=\"url(#linear-gradient)\" stroke-miterlimit=\"10\" stroke-width=\"3\"><\/path><polygon points=\"29.5 2.68 83.24 2.68 56.4 49.17 2.66 49.17 29.5 2.68\" fill=\"none\" stroke=\"url(#linear-gradient-2)\" stroke-miterlimit=\"10\" stroke-width=\"3\"><\/polygon><polygon points=\"2.6 49.71 56.38 49.71 83.29 96.31 29.5 96.31 2.6 49.71\" fill=\"none\" stroke=\"url(#linear-gradient-3)\" stroke-miterlimit=\"10\" stroke-width=\"3\"><\/polygon><\/g><\/g><\/svg>\t\t\t\t<\/span>\n\t\t\t<\/div>\n\t\t\t\n\t\t\t\t\t\t<div class=\"elementor-icon-box-content\">\n\n\t\t\t\t\n\t\t\t\t\t\t\t\t\t<p class=\"elementor-icon-box-description\">\n\t\t\t\t\t\tLenguaje natural compatible con shona, ndebele, \u00e1rabe, ingl\u00e9s, espa\u00f1ol, portugu\u00e9s, alem\u00e1n y franc\u00e9s.\t\t\t\t\t<\/p>\n\t\t\t\t\n\t\t\t<\/div>\n\t\t\t\n\t\t<\/div>\n\t\t\t\t\t\t<\/div>\n\t\t\t\t<\/div>\n\t\t\t\t<div class=\"elementor-element elementor-element-9bb31d1 elementor-widget__width-inherit elementor-position-inline-start elementor-mobile-position-inline-start elementor-view-default elementor-widget elementor-widget-icon-box\" data-id=\"9bb31d1\" data-element_type=\"widget\" data-e-type=\"widget\" data-widget_type=\"icon-box.default\">\n\t\t\t\t<div class=\"elementor-widget-container\">\n\t\t\t\t\t\t\t<div class=\"elementor-icon-box-wrapper\">\n\n\t\t\t\t\t\t<div class=\"elementor-icon-box-icon\">\n\t\t\t\t<span  class=\"elementor-icon\">\n\t\t\t\t<svg xmlns=\"http:\/\/www.w3.org\/2000\/svg\" xmlns:xlink=\"http:\/\/www.w3.org\/1999\/xlink\" id=\"Layer_2\" width=\"112.25\" height=\"98.98\" viewbox=\"0 0 112.25 98.98\"><defs><lineargradient id=\"linear-gradient\" x1=\"55.16\" y1=\"50.51\" x2=\"112.25\" y2=\"50.51\" gradienttransform=\"translate(0 100) scale(1 -1)\" gradientunits=\"userSpaceOnUse\"><stop offset=\"0\" stop-color=\"#00f493\"><\/stop><stop offset=\".1\" stop-color=\"#08ea97\"><\/stop><stop offset=\".26\" stop-color=\"#1ed1a4\"><\/stop><stop offset=\".47\" stop-color=\"#43a7ba\"><\/stop><stop offset=\".71\" stop-color=\"#766ed7\"><\/stop><stop offset=\".85\" stop-color=\"#964bea\"><\/stop><\/lineargradient><lineargradient id=\"linear-gradient-2\" x1=\".06\" y1=\"74.08\" x2=\"85.84\" y2=\"74.08\" xlink:href=\"#linear-gradient\"><\/lineargradient><lineargradient id=\"linear-gradient-3\" x1=\"0\" y1=\"26.99\" x2=\"85.89\" y2=\"26.99\" xlink:href=\"#linear-gradient\"><\/lineargradient><\/defs><g id=\"Layer_2-2\"><g id=\"Layer_1-2\"><path d=\"M110.45,49.68l-26.73,46.3-26.83-46.46L83.75,3l26.72,46.29-.06.1c-.06.1-.03.2.04.29Z\" fill=\"none\" stroke=\"url(#linear-gradient)\" stroke-miterlimit=\"10\" stroke-width=\"3\"><\/path><polygon points=\"29.5 2.68 83.24 2.68 56.4 49.17 2.66 49.17 29.5 2.68\" fill=\"none\" stroke=\"url(#linear-gradient-2)\" stroke-miterlimit=\"10\" stroke-width=\"3\"><\/polygon><polygon points=\"2.6 49.71 56.38 49.71 83.29 96.31 29.5 96.31 2.6 49.71\" fill=\"none\" stroke=\"url(#linear-gradient-3)\" stroke-miterlimit=\"10\" stroke-width=\"3\"><\/polygon><\/g><\/g><\/svg>\t\t\t\t<\/span>\n\t\t\t<\/div>\n\t\t\t\n\t\t\t\t\t\t<div class=\"elementor-icon-box-content\">\n\n\t\t\t\t\n\t\t\t\t\t\t\t\t\t<p class=\"elementor-icon-box-description\">\n\t\t\t\t\t\tSeguridad excepcional que garantiza la privacidad y la conformidad de los datos con la normativa local y mundial.\t\t\t\t\t<\/p>\n\t\t\t\t\n\t\t\t<\/div>\n\t\t\t\n\t\t<\/div>\n\t\t\t\t\t\t<\/div>\n\t\t\t\t<\/div>\n\t\t\t\t<div class=\"elementor-element elementor-element-7f677e5 elementor-widget__width-inherit elementor-position-inline-start elementor-mobile-position-inline-start elementor-view-default elementor-widget elementor-widget-icon-box\" data-id=\"7f677e5\" data-element_type=\"widget\" data-e-type=\"widget\" data-widget_type=\"icon-box.default\">\n\t\t\t\t<div class=\"elementor-widget-container\">\n\t\t\t\t\t\t\t<div class=\"elementor-icon-box-wrapper\">\n\n\t\t\t\t\t\t<div class=\"elementor-icon-box-icon\">\n\t\t\t\t<span  class=\"elementor-icon\">\n\t\t\t\t<svg xmlns=\"http:\/\/www.w3.org\/2000\/svg\" xmlns:xlink=\"http:\/\/www.w3.org\/1999\/xlink\" id=\"Layer_2\" width=\"112.25\" height=\"98.98\" viewbox=\"0 0 112.25 98.98\"><defs><lineargradient id=\"linear-gradient\" x1=\"55.16\" y1=\"50.51\" x2=\"112.25\" y2=\"50.51\" gradienttransform=\"translate(0 100) scale(1 -1)\" gradientunits=\"userSpaceOnUse\"><stop offset=\"0\" stop-color=\"#00f493\"><\/stop><stop offset=\".1\" stop-color=\"#08ea97\"><\/stop><stop offset=\".26\" stop-color=\"#1ed1a4\"><\/stop><stop offset=\".47\" stop-color=\"#43a7ba\"><\/stop><stop offset=\".71\" stop-color=\"#766ed7\"><\/stop><stop offset=\".85\" stop-color=\"#964bea\"><\/stop><\/lineargradient><lineargradient id=\"linear-gradient-2\" x1=\".06\" y1=\"74.08\" x2=\"85.84\" y2=\"74.08\" xlink:href=\"#linear-gradient\"><\/lineargradient><lineargradient id=\"linear-gradient-3\" x1=\"0\" y1=\"26.99\" x2=\"85.89\" y2=\"26.99\" xlink:href=\"#linear-gradient\"><\/lineargradient><\/defs><g id=\"Layer_2-2\"><g id=\"Layer_1-2\"><path d=\"M110.45,49.68l-26.73,46.3-26.83-46.46L83.75,3l26.72,46.29-.06.1c-.06.1-.03.2.04.29Z\" fill=\"none\" stroke=\"url(#linear-gradient)\" stroke-miterlimit=\"10\" stroke-width=\"3\"><\/path><polygon points=\"29.5 2.68 83.24 2.68 56.4 49.17 2.66 49.17 29.5 2.68\" fill=\"none\" stroke=\"url(#linear-gradient-2)\" stroke-miterlimit=\"10\" stroke-width=\"3\"><\/polygon><polygon points=\"2.6 49.71 56.38 49.71 83.29 96.31 29.5 96.31 2.6 49.71\" fill=\"none\" stroke=\"url(#linear-gradient-3)\" stroke-miterlimit=\"10\" stroke-width=\"3\"><\/polygon><\/g><\/g><\/svg>\t\t\t\t<\/span>\n\t\t\t<\/div>\n\t\t\t\n\t\t\t\t\t\t<div class=\"elementor-icon-box-content\">\n\n\t\t\t\t\n\t\t\t\t\t\t\t\t\t<p class=\"elementor-icon-box-description\">\n\t\t\t\t\t\tEmplea t\u00e9cnicas de ingenier\u00eda r\u00e1pida para mejorar la calidad y coherencia de las respuestas generadas.\t\t\t\t\t<\/p>\n\t\t\t\t\n\t\t\t<\/div>\n\t\t\t\n\t\t<\/div>\n\t\t\t\t\t\t<\/div>\n\t\t\t\t<\/div>\n\t\t\t\t<\/div>\n\t\t\t\t<\/div>\n\t\t\t\t\t<\/div>\n\t\t\t\t<\/div>\n\t\t<div class=\"elementor-element elementor-element-206eaec e-flex e-con-boxed e-con e-parent\" data-id=\"206eaec\" data-element_type=\"container\" data-e-type=\"container\">\n\t\t\t\t\t<div class=\"e-con-inner\">\n\t\t\t\t<div class=\"elementor-element elementor-element-1f537f9 elementor-widget elementor-widget-heading\" data-id=\"1f537f9\" data-element_type=\"widget\" data-e-type=\"widget\" data-widget_type=\"heading.default\">\n\t\t\t\t<div class=\"elementor-widget-container\">\n\t\t\t\t\t<h2 class=\"elementor-heading-title elementor-size-default\">El resultado<\/h2>\t\t\t\t<\/div>\n\t\t\t\t<\/div>\n\t\t\t\t<div class=\"elementor-element elementor-element-520e07f elementor-widget elementor-widget-heading\" data-id=\"520e07f\" data-element_type=\"widget\" data-e-type=\"widget\" data-widget_type=\"heading.default\">\n\t\t\t\t<div class=\"elementor-widget-container\">\n\t\t\t\t\t<h2 class=\"elementor-heading-title elementor-size-default\">Evoluci\u00f3n de la IA de EcoChat<\/h2>\t\t\t\t<\/div>\n\t\t\t\t<\/div>\n\t\t\t\t<div class=\"elementor-element elementor-element-650b4fc elementor-widget elementor-widget-text-editor\" data-id=\"650b4fc\" data-element_type=\"widget\" data-e-type=\"widget\" data-widget_type=\"text-editor.default\">\n\t\t\t\t<div class=\"elementor-widget-container\">\n\t\t\t\t\t\t\t\t\t<p>EcoChat AI ha dado excelentes resultados con un retorno de la inversi\u00f3n cuantificable. Se ha dise\u00f1ado para clientes en general, propietarios de terminales grises,&nbsp;<span style=\"color: var( --e-global-color-text ); font-family: var( --e-global-typography-text-font-family ), Sans-serif; font-size: var( --e-global-typography-text-font-size ); font-weight: var( --e-global-typography-text-font-weight );\">medianas empresas, bancos, miner\u00eda, comercio minorista y otras industrias verticales.<\/span><span style=\"color: var( --e-global-color-text ); font-family: var( --e-global-typography-text-font-family ), Sans-serif; font-size: var( --e-global-typography-text-font-size ); font-weight: var( --e-global-typography-text-font-weight );\">. EcoChat AI&nbsp;<\/span><span style=\"color: var( --e-global-color-text ); font-family: var( --e-global-typography-text-font-family ), Sans-serif; font-size: var( --e-global-typography-text-font-size ); font-weight: var( --e-global-typography-text-font-weight );\">ofrece una arquitectura y una funcionalidad de IA de \u00faltima generaci\u00f3n para las organizaciones modernas y se ha implantado en&nbsp;<\/span><span style=\"color: var( --e-global-color-text ); font-family: var( --e-global-typography-text-font-family ), Sans-serif; font-size: var( --e-global-typography-text-font-size ); font-weight: var( --e-global-typography-text-font-weight );\">Econet Zimbabue y&nbsp;<\/span><span style=\"color: var( --e-global-color-text ); font-family: var( --e-global-typography-text-font-family ), Sans-serif; font-size: var( --e-global-typography-text-font-size ); font-weight: var( --e-global-typography-text-font-weight );\">Econet Lesotho.<\/span><\/p>\t\t\t\t\t\t\t\t<\/div>\n\t\t\t\t<\/div>\n\t\t\t\t<div class=\"elementor-element elementor-element-94312fe elementor-widget elementor-widget-heading\" data-id=\"94312fe\" data-element_type=\"widget\" data-e-type=\"widget\" data-widget_type=\"heading.default\">\n\t\t\t\t<div class=\"elementor-widget-container\">\n\t\t\t\t\t<h2 class=\"elementor-heading-title elementor-size-default\">+1 mill\u00f3n<\/h2>\t\t\t\t<\/div>\n\t\t\t\t<\/div>\n\t\t\t\t<div class=\"elementor-element elementor-element-7da44f1 elementor-widget elementor-widget-heading\" data-id=\"7da44f1\" data-element_type=\"widget\" data-e-type=\"widget\" data-widget_type=\"heading.default\">\n\t\t\t\t<div class=\"elementor-widget-container\">\n\t\t\t\t\t<h2 class=\"elementor-heading-title elementor-size-default\">clientes en seis meses<\/h2>\t\t\t\t<\/div>\n\t\t\t\t<\/div>\n\t\t\t\t\t<\/div>\n\t\t\t\t<\/div>\n\t\t\t\t<\/div>","protected":false},"excerpt":{"rendered":"<p>EcoChat AI Reimagines intelligent customer service Companies want tools that support customer service and create stickiness but often chatbots don\u2019t quite meet this need. Poor speeds, limited information and a lack of language diversity can affect how customers interact with a chatbot solution. Cassava AI developed the EcoChat AI solution for Econet, an intelligent chat [&hellip;]<\/p>\n","protected":false},"author":1,"featured_media":0,"parent":0,"menu_order":0,"comment_status":"closed","ping_status":"closed","template":"","meta":{"footnotes":""},"class_list":["post-1069","page","type-page","status-publish","hentry"],"_links":{"self":[{"href":"https:\/\/www.cassava.ai\/es\/wp-json\/wp\/v2\/pages\/1069","targetHints":{"allow":["GET"]}}],"collection":[{"href":"https:\/\/www.cassava.ai\/es\/wp-json\/wp\/v2\/pages"}],"about":[{"href":"https:\/\/www.cassava.ai\/es\/wp-json\/wp\/v2\/types\/page"}],"author":[{"embeddable":true,"href":"https:\/\/www.cassava.ai\/es\/wp-json\/wp\/v2\/users\/1"}],"replies":[{"embeddable":true,"href":"https:\/\/www.cassava.ai\/es\/wp-json\/wp\/v2\/comments?post=1069"}],"version-history":[{"count":8,"href":"https:\/\/www.cassava.ai\/es\/wp-json\/wp\/v2\/pages\/1069\/revisions"}],"predecessor-version":[{"id":3133,"href":"https:\/\/www.cassava.ai\/es\/wp-json\/wp\/v2\/pages\/1069\/revisions\/3133"}],"wp:attachment":[{"href":"https:\/\/www.cassava.ai\/es\/wp-json\/wp\/v2\/media?parent=1069"}],"curies":[{"name":"wp","href":"https:\/\/api.w.org\/{rel}","templated":true}]}}